{"id":981,"date":"2025-02-03T19:09:28","date_gmt":"2025-02-03T19:09:28","guid":{"rendered":"https:\/\/mediumblue-stingray-756587.hostingersite.com\/?post_type=product&#038;p=981"},"modified":"2025-11-13T20:07:46","modified_gmt":"2025-11-13T20:07:46","slug":"bolsa-ecologica-eco-12","status":"publish","type":"product","link":"https:\/\/terramarte.com.co\/en\/product\/bolsa-ecologica-eco-12\/","title":{"rendered":"Eco-friendly bag 12"},"content":{"rendered":"<p>Bolsa en BOPP laminado, cuyo corte y dise\u00f1o con fuelle de 15 cent\u00edmetros est\u00e1 pensado para compras de gran peso y tama\u00f1o. Es una bolsa impactante por su resistencia, pero tambi\u00e9n por la alta calidad de las impresiones que permite y la convierten casi en una valla de marca m\u00f3vil. Su uso natural se encuentra en los supermercados e hipermercados.<\/p>\n<p><u><b>FABRICS<\/b><\/u><u><b>:<\/b><\/u><\/p>\n<p>PP woven fabric 70g.<\/p>\n<p><u><b>APPROXIMATE<\/b><\/u> <u><b>MEASUREMENTS:<\/b><\/u><\/p>\n<p>Width: 45 cm, Height: 44 cm, Side gusset: 15 cm. With handles approximately 50 cm long.<\/p>\n<p><u><b>PRINTING:<\/b><\/u><\/p>\n<p>Full-color flexographic printing on the entire bag.<\/p>\n<p class=\"translation-block\"><u><b>MINIMUM<\/b><\/u> <u><b>ORDER:<\/b><\/u><\/p>\n<p>15,000 Units.<\/p>","protected":false},"excerpt":{"rendered":"<p>Laminated BOPP bag, ideal for supermarkets. Used for large and heavy shopping. Durable and multifunctional.<\/p>","protected":false},"featured_media":3398,"comment_status":"open","ping_status":"closed","template":"","meta":{"_joinchat":[]},"product_brand":[],"product_cat":[26],"product_tag":[74],"class_list":{"0":"post-981","1":"product","2":"type-product","3":"status-publish","4":"has-post-thumbnail","6":"product_cat-bolsas-en-rafia","7":"product_tag-bolsa-reutilizable","9":"first","10":"instock","11":"featured","12":"shipping-taxable","13":"purchasable","14":"product-type-variable"},"_links":{"self":[{"href":"https:\/\/terramarte.com.co\/en\/wp-json\/wp\/v2\/product\/981","targetHints":{"allow":["GET"]}}],"collection":[{"href":"https:\/\/terramarte.com.co\/en\/wp-json\/wp\/v2\/product"}],"about":[{"href":"https:\/\/terramarte.com.co\/en\/wp-json\/wp\/v2\/types\/product"}],"replies":[{"embeddable":true,"href":"https:\/\/terramarte.com.co\/en\/wp-json\/wp\/v2\/comments?post=981"}],"wp:featuredmedia":[{"embeddable":true,"href":"https:\/\/terramarte.com.co\/en\/wp-json\/wp\/v2\/media\/3398"}],"wp:attachment":[{"href":"https:\/\/terramarte.com.co\/en\/wp-json\/wp\/v2\/media?parent=981"}],"wp:term":[{"taxonomy":"product_brand","embeddable":true,"href":"https:\/\/terramarte.com.co\/en\/wp-json\/wp\/v2\/product_brand?post=981"},{"taxonomy":"product_cat","embeddable":true,"href":"https:\/\/terramarte.com.co\/en\/wp-json\/wp\/v2\/product_cat?post=981"},{"taxonomy":"product_tag","embeddable":true,"href":"https:\/\/terramarte.com.co\/en\/wp-json\/wp\/v2\/product_tag?post=981"}],"curies":[{"name":"wp","href":"https:\/\/api.w.org\/{rel}","templated":true}]}}