{"id":929,"date":"2025-02-03T19:06:14","date_gmt":"2025-02-03T19:06:14","guid":{"rendered":"https:\/\/mediumblue-stingray-756587.hostingersite.com\/?post_type=product&#038;p=929"},"modified":"2026-04-16T16:42:08","modified_gmt":"2026-04-16T16:42:08","slug":"bolsa-ecologica-eco-82","status":"publish","type":"product","link":"https:\/\/terramarte.com.co\/en\/product\/bolsa-ecologica-eco-82\/","title":{"rendered":"Eco 82 Eco-friendly bag"},"content":{"rendered":"<p>Bolsa en cambrel, sellada por ultrasonido con dise\u00f1o tipo malet\u00edn y fuelle de 12 cent\u00edmetros que, adem\u00e1s de aumentar considerablemente su capacidad de carga, la hace m\u00e1s pr\u00e1ctica de usar y le confiere un aspecto m\u00e1s elegante a pesar de su bajo costo.<\/p>\n<p><u><b>FABRICS<\/b><\/u><u><b>:<\/b><\/u><\/p>\n<p>- Nonwoven fabric: 70g *Variety of colors subject to availability.*<\/p>\n<p><u><b>APPROXIMATE<\/b><\/u> <u><b>MEASUREMENTS:<\/b><\/u><\/p>\n<p>Width: 40 cm, height: 40 cm, with full gusset: 12 cm. With a handle approximately 48 cm long.<\/p>\n<p><u><b>PRINTING:<\/b><\/u><\/p>\n<p>Screen printing according to approved artwork<\/p>\n<p><u><b>NUMBER<\/b><\/u> <u><b>OF<\/b><\/u> <u><b>NUMBER OF COLORS<\/b><\/u><\/p>\n<ul>\n<li>Cambrel: From 1 to 2 colors.<\/li>\n<\/ul>\n<p class=\"translation-block\"><u><b>MINIMUM<\/b><\/u> <u><b>ORDER:<\/b><\/u><\/p>\n<p>3,000 Units.<\/p>","protected":false},"excerpt":{"rendered":"<p>Eco 82 eco-friendly bag with gusset, ultrasonically sealed, ideal for events, conferences, or gifts.<\/p>","protected":false},"featured_media":3356,"comment_status":"open","ping_status":"closed","template":"","meta":{"_joinchat":[]},"product_brand":[],"product_cat":[39],"product_tag":[22,25],"class_list":{"0":"post-929","1":"product","2":"type-product","3":"status-publish","4":"has-post-thumbnail","6":"product_cat-sin-categoria","7":"product_tag-bolsas","8":"product_tag-bolso","10":"first","11":"instock","12":"shipping-taxable","13":"purchasable","14":"product-type-variable"},"_links":{"self":[{"href":"https:\/\/terramarte.com.co\/en\/wp-json\/wp\/v2\/product\/929","targetHints":{"allow":["GET"]}}],"collection":[{"href":"https:\/\/terramarte.com.co\/en\/wp-json\/wp\/v2\/product"}],"about":[{"href":"https:\/\/terramarte.com.co\/en\/wp-json\/wp\/v2\/types\/product"}],"replies":[{"embeddable":true,"href":"https:\/\/terramarte.com.co\/en\/wp-json\/wp\/v2\/comments?post=929"}],"wp:featuredmedia":[{"embeddable":true,"href":"https:\/\/terramarte.com.co\/en\/wp-json\/wp\/v2\/media\/3356"}],"wp:attachment":[{"href":"https:\/\/terramarte.com.co\/en\/wp-json\/wp\/v2\/media?parent=929"}],"wp:term":[{"taxonomy":"product_brand","embeddable":true,"href":"https:\/\/terramarte.com.co\/en\/wp-json\/wp\/v2\/product_brand?post=929"},{"taxonomy":"product_cat","embeddable":true,"href":"https:\/\/terramarte.com.co\/en\/wp-json\/wp\/v2\/product_cat?post=929"},{"taxonomy":"product_tag","embeddable":true,"href":"https:\/\/terramarte.com.co\/en\/wp-json\/wp\/v2\/product_tag?post=929"}],"curies":[{"name":"wp","href":"https:\/\/api.w.org\/{rel}","templated":true}]}}