{"id":731,"date":"2025-01-22T00:08:44","date_gmt":"2025-01-22T00:08:44","guid":{"rendered":"https:\/\/mediumblue-stingray-756587.hostingersite.com\/?post_type=product&#038;p=731"},"modified":"2026-04-16T16:49:29","modified_gmt":"2026-04-16T16:49:29","slug":"maletin-ecologico-eco-36","status":"publish","type":"product","link":"https:\/\/terramarte.com.co\/en\/product\/maletin-ecologico-eco-36\/","title":{"rendered":"Eco 36 eco-friendly briefcase"},"content":{"rendered":"<p>Maleta tipo tula viajera, confeccionada en algod\u00f3n crudo biodegradable, con correa ajustable para cruzar, cierre con cremallera y un dise\u00f1o que hace de este producto algo muy original, c\u00f3modo y \u00fatil para marcas que buscan dejar huellas con sus regalos corporativos y elementos de merchandising.<\/p>\n<p><u><b>FABRICS<\/b><\/u><u><b>:<\/b><\/u><\/p>\n<p>- 100% biodegradable cotton in natural color:<\/p>\n<p>*Cotton canvas of 235 g<\/p>\n<p>*Cotton canvas lightweight of 142 g<\/p>\n<p><u><b>APPROXIMATE<\/b><\/u> <u><b>MEASUREMENTS:<\/b><\/u><\/p>\n<p>Width: 40 cm, Round side: 19 cm. With a strap for crossbody use a buckle and a loop for adjustment.<\/p>\n<p><u><b>PRINTING:<\/b><\/u><\/p>\n<p>Screen printing according to approved artwork<\/p>\n<p><u><b>NUMBER<\/b><\/u> <u><b>OF<\/b><\/u> <u><b>NUMBER OF COLORS<\/b><\/u><\/p>\n<ul>\n<li>Cotton\/Drill: From 1 to 4 colors or from 5 to 8 colors.<\/li>\n<\/ul>\n<p class=\"translation-block\"><u><b>MINIMUM<\/b><\/u> <u><b>ORDER:<\/b><\/u><\/p>\n<p>200 units.<\/p>","protected":false},"excerpt":{"rendered":"<p>Eco 36 eco-friendly briefcase, ideal for events, conferences, and daily activities. Durable, comfortable, multifunctional, and secure.<\/p>","protected":false},"featured_media":838,"comment_status":"open","ping_status":"closed","template":"","meta":{"_joinchat":[]},"product_brand":[],"product_cat":[21],"product_tag":[25,30,23],"class_list":{"0":"post-731","1":"product","2":"type-product","3":"status-publish","4":"has-post-thumbnail","6":"product_cat-bolsas-en-fibras-naturales","7":"product_tag-bolso","8":"product_tag-maletin","9":"product_tag-mochila","11":"first","12":"outofstock","13":"shipping-taxable","14":"product-type-variable"},"_links":{"self":[{"href":"https:\/\/terramarte.com.co\/en\/wp-json\/wp\/v2\/product\/731","targetHints":{"allow":["GET"]}}],"collection":[{"href":"https:\/\/terramarte.com.co\/en\/wp-json\/wp\/v2\/product"}],"about":[{"href":"https:\/\/terramarte.com.co\/en\/wp-json\/wp\/v2\/types\/product"}],"replies":[{"embeddable":true,"href":"https:\/\/terramarte.com.co\/en\/wp-json\/wp\/v2\/comments?post=731"}],"wp:featuredmedia":[{"embeddable":true,"href":"https:\/\/terramarte.com.co\/en\/wp-json\/wp\/v2\/media\/838"}],"wp:attachment":[{"href":"https:\/\/terramarte.com.co\/en\/wp-json\/wp\/v2\/media?parent=731"}],"wp:term":[{"taxonomy":"product_brand","embeddable":true,"href":"https:\/\/terramarte.com.co\/en\/wp-json\/wp\/v2\/product_brand?post=731"},{"taxonomy":"product_cat","embeddable":true,"href":"https:\/\/terramarte.com.co\/en\/wp-json\/wp\/v2\/product_cat?post=731"},{"taxonomy":"product_tag","embeddable":true,"href":"https:\/\/terramarte.com.co\/en\/wp-json\/wp\/v2\/product_tag?post=731"}],"curies":[{"name":"wp","href":"https:\/\/api.w.org\/{rel}","templated":true}]}}