{"id":727,"date":"2025-01-22T00:08:44","date_gmt":"2025-01-22T00:08:44","guid":{"rendered":"https:\/\/mediumblue-stingray-756587.hostingersite.com\/?post_type=product&#038;p=727"},"modified":"2026-04-26T00:05:41","modified_gmt":"2026-04-26T00:05:41","slug":"bolsa-ecologica-eco-16","status":"publish","type":"product","link":"https:\/\/terramarte.com.co\/en\/product\/bolsa-ecologica-eco-16\/","title":{"rendered":"Eco-friendly bag 16"},"content":{"rendered":"<p>El banner, el material sint\u00e9tico derivado del petr\u00f3leo en el que se imprimen las lonas de las vallas publicitarias generalmente es desechado y termina en los rellenos sanitarios. En ese problema vimos una soluci\u00f3n: convertir las lonas publicitarias de las marcas en bolsas reutilizables que por su calidad\u00a0 y original dise\u00f1o puedan ser usadas como regalos y material promocional- As\u00ed hacemos que la publicidad tenga un gran impacto entre los clientes de la marcas y tambi\u00e9n en el planeta.<\/p>\n<p><strong>*IMPORTANTE: Para elaborar esta bolsa, el cliente debe suministrar el banner.<\/strong><\/p>\n<p><u><b>FABRICS<\/b><\/u><u><b>:<\/b><\/u><\/p>\n<p>- 100% biodegradable cotton in natural color:<\/p>\n<p>*Cotton canvas of 235 g<\/p>\n<p>\u2013 100% recycled advertising banner.<\/p>\n<p><u><b>APPROXIMATE<\/b><\/u> <u><b>MEASUREMENTS:<\/b><\/u><\/p>\n<p>Width: 40 cm, Height: 40 cm, Gusset: 18 cm.<\/p>\n<p>With two PP handles approximately 55 cm long.<\/p>\n<p><u><b>PRINTING:<\/b><\/u><\/p>\n<p>Only when the material is combined with cotton canvas.<\/p>\n<p><u><b>NUMBER<\/b><\/u> <u><b>OF<\/b><\/u> <u><b>NUMBER OF COLORS<\/b><\/u><\/p>\n<ul>\n<li>Cotton: From 1 to 4 colors or from 5 to 8 colors.<\/li>\n<\/ul>\n<p class=\"translation-block\"><u><b>MINIMUM<\/b><\/u> <u><b>ORDER:<\/b><\/u><\/p>\n<p>200 units.<\/p>","protected":false},"excerpt":{"rendered":"<p>Eco 16 eco-friendly bag made from customer-provided advertising banner, with gusset. 100% recycled and biodegradable.<\/p>\n<p><strong>*IMPORTANTE: Para elaborar esta bolsa, el cliente debe suministrar el banner.<\/strong><\/p>","protected":false},"featured_media":3402,"comment_status":"open","ping_status":"closed","template":"","meta":{"_joinchat":[]},"product_brand":[],"product_cat":[28,21],"product_tag":[29,22,25],"class_list":{"0":"post-727","1":"product","2":"type-product","3":"status-publish","4":"has-post-thumbnail","6":"product_cat-bolsas-en-banner-reutilizado","7":"product_cat-bolsas-en-fibras-naturales","8":"product_tag-banner","9":"product_tag-bolsas","10":"product_tag-bolso","12":"first","13":"outofstock","14":"shipping-taxable","15":"product-type-variable"},"_links":{"self":[{"href":"https:\/\/terramarte.com.co\/en\/wp-json\/wp\/v2\/product\/727","targetHints":{"allow":["GET"]}}],"collection":[{"href":"https:\/\/terramarte.com.co\/en\/wp-json\/wp\/v2\/product"}],"about":[{"href":"https:\/\/terramarte.com.co\/en\/wp-json\/wp\/v2\/types\/product"}],"replies":[{"embeddable":true,"href":"https:\/\/terramarte.com.co\/en\/wp-json\/wp\/v2\/comments?post=727"}],"wp:featuredmedia":[{"embeddable":true,"href":"https:\/\/terramarte.com.co\/en\/wp-json\/wp\/v2\/media\/3402"}],"wp:attachment":[{"href":"https:\/\/terramarte.com.co\/en\/wp-json\/wp\/v2\/media?parent=727"}],"wp:term":[{"taxonomy":"product_brand","embeddable":true,"href":"https:\/\/terramarte.com.co\/en\/wp-json\/wp\/v2\/product_brand?post=727"},{"taxonomy":"product_cat","embeddable":true,"href":"https:\/\/terramarte.com.co\/en\/wp-json\/wp\/v2\/product_cat?post=727"},{"taxonomy":"product_tag","embeddable":true,"href":"https:\/\/terramarte.com.co\/en\/wp-json\/wp\/v2\/product_tag?post=727"}],"curies":[{"name":"wp","href":"https:\/\/api.w.org\/{rel}","templated":true}]}}