{"id":724,"date":"2025-01-22T00:08:44","date_gmt":"2025-01-22T00:08:44","guid":{"rendered":"https:\/\/mediumblue-stingray-756587.hostingersite.com\/?post_type=product&#038;p=724"},"modified":"2025-11-13T19:56:42","modified_gmt":"2025-11-13T19:56:42","slug":"bolsa-ecologica-eco-11-pp","status":"publish","type":"product","link":"https:\/\/terramarte.com.co\/en\/product\/bolsa-ecologica-eco-11-pp\/","title":{"rendered":"Eco-friendly bag 11 PP"},"content":{"rendered":"<p>Esta es otra bolsa en PP laminado (rafia), con un dise\u00f1o m\u00e1s compacto y pr\u00e1ctico que la Eco 10 y, que puede usarse para compras de tama\u00f1o moderado. Su uso recurrente son las tiendas y supermercados, aunque tambi\u00e9n, su uso fuera de ellos podr\u00eda resultar muy original e impactante para algunas marcas.<\/p>\n<p><u><b>FABRICS<\/b><\/u><u><b>:<\/b><\/u><\/p>\n<p>PP woven fabric 70g.<\/p>\n<p><u><b>APPROXIMATE<\/b><\/u> <u><b>MEASUREMENTS:<\/b><\/u><\/p>\n<p>Width: 31 cm, Height: 37 cm, Side gusset: 10 cm. With handles approximately 45 cm long.<\/p>\n<p><u><b>PRINTING:<\/b><\/u><\/p>\n<p>Flexography, maximum 6 colors distributed on both sides or full color on one side.<\/p>\n<p class=\"translation-block\"><u><b>MINIMUM<\/b><\/u> <u><b>ORDER:<\/b><\/u><\/p>\n<p>6,000 Units.<\/p>","protected":false},"excerpt":{"rendered":"<p>Eco 11 laminated PP eco-friendly bag, ideal for supermarkets or hypermarkets.<\/p>","protected":false},"featured_media":803,"comment_status":"open","ping_status":"closed","template":"","meta":{"_joinchat":[]},"product_brand":[],"product_cat":[26],"product_tag":[22,27],"class_list":{"0":"post-724","1":"product","2":"type-product","3":"status-publish","4":"has-post-thumbnail","6":"product_cat-bolsas-en-rafia","7":"product_tag-bolsas","8":"product_tag-reutilizable","10":"first","11":"outofstock","12":"shipping-taxable","13":"product-type-variable"},"_links":{"self":[{"href":"https:\/\/terramarte.com.co\/en\/wp-json\/wp\/v2\/product\/724","targetHints":{"allow":["GET"]}}],"collection":[{"href":"https:\/\/terramarte.com.co\/en\/wp-json\/wp\/v2\/product"}],"about":[{"href":"https:\/\/terramarte.com.co\/en\/wp-json\/wp\/v2\/types\/product"}],"replies":[{"embeddable":true,"href":"https:\/\/terramarte.com.co\/en\/wp-json\/wp\/v2\/comments?post=724"}],"wp:featuredmedia":[{"embeddable":true,"href":"https:\/\/terramarte.com.co\/en\/wp-json\/wp\/v2\/media\/803"}],"wp:attachment":[{"href":"https:\/\/terramarte.com.co\/en\/wp-json\/wp\/v2\/media?parent=724"}],"wp:term":[{"taxonomy":"product_brand","embeddable":true,"href":"https:\/\/terramarte.com.co\/en\/wp-json\/wp\/v2\/product_brand?post=724"},{"taxonomy":"product_cat","embeddable":true,"href":"https:\/\/terramarte.com.co\/en\/wp-json\/wp\/v2\/product_cat?post=724"},{"taxonomy":"product_tag","embeddable":true,"href":"https:\/\/terramarte.com.co\/en\/wp-json\/wp\/v2\/product_tag?post=724"}],"curies":[{"name":"wp","href":"https:\/\/api.w.org\/{rel}","templated":true}]}}