{"id":723,"date":"2025-01-22T00:08:44","date_gmt":"2025-01-22T00:08:44","guid":{"rendered":"https:\/\/mediumblue-stingray-756587.hostingersite.com\/?post_type=product&#038;p=723"},"modified":"2025-09-18T14:41:41","modified_gmt":"2025-09-18T14:41:41","slug":"bolsa-ecologica-eco-10-pp","status":"publish","type":"product","link":"https:\/\/terramarte.com.co\/en\/product\/bolsa-ecologica-eco-10-pp\/","title":{"rendered":"Eco-friendly bag 10 PP"},"content":{"rendered":"<p>Bolsa en Rafia o PP laminado que, por la resistencia de su material y forma de tejido, adem\u00e1s de su tama\u00f1o con fuelle falso de 14 cent\u00edmetros, resulta ideal para supermercados o hipermercados, pues permite llevar una gran cantidad de productos. La impresi\u00f3n en flexograf\u00eda permite crear atractivos dise\u00f1os.<\/p>\n<p><u><b>FABRICS<\/b><\/u><u><b>:<\/b><\/u><\/p>\n<p>PP woven fabric 70g.<\/p>\n<p><u><b>APPROXIMATE<\/b><\/u> <u><b>MEASUREMENTS:<\/b><\/u><\/p>\n<p>Width: 46 cm, Height: 44 cm, Side gusset: 14 cm. With handles in PP webbing or non woven (subject to availability), approximately 45 cm long.<\/p>\n<p><u><b>PRINTING:<\/b><\/u><\/p>\n<p>Flexography, maximum 6 colors distributed on both sides or full color on one side.<\/p>\n<p class=\"translation-block\"><u><b>MINIMUM<\/b><\/u> <u><b>ORDER:<\/b><\/u><\/p>\n<p>6,000 Units.<\/p>","protected":false},"excerpt":{"rendered":"<p>Eco 10 reusable PP eco-friendly bag, ideal for supermarkets or hypermarkets.<\/p>","protected":false},"featured_media":3394,"comment_status":"open","ping_status":"closed","template":"","meta":{"_joinchat":[]},"product_brand":[],"product_cat":[26],"product_tag":[22,27],"class_list":{"0":"post-723","1":"product","2":"type-product","3":"status-publish","4":"has-post-thumbnail","6":"product_cat-bolsas-en-rafia","7":"product_tag-bolsas","8":"product_tag-reutilizable","10":"first","11":"outofstock","12":"shipping-taxable","13":"product-type-variable"},"_links":{"self":[{"href":"https:\/\/terramarte.com.co\/en\/wp-json\/wp\/v2\/product\/723","targetHints":{"allow":["GET"]}}],"collection":[{"href":"https:\/\/terramarte.com.co\/en\/wp-json\/wp\/v2\/product"}],"about":[{"href":"https:\/\/terramarte.com.co\/en\/wp-json\/wp\/v2\/types\/product"}],"replies":[{"embeddable":true,"href":"https:\/\/terramarte.com.co\/en\/wp-json\/wp\/v2\/comments?post=723"}],"wp:featuredmedia":[{"embeddable":true,"href":"https:\/\/terramarte.com.co\/en\/wp-json\/wp\/v2\/media\/3394"}],"wp:attachment":[{"href":"https:\/\/terramarte.com.co\/en\/wp-json\/wp\/v2\/media?parent=723"}],"wp:term":[{"taxonomy":"product_brand","embeddable":true,"href":"https:\/\/terramarte.com.co\/en\/wp-json\/wp\/v2\/product_brand?post=723"},{"taxonomy":"product_cat","embeddable":true,"href":"https:\/\/terramarte.com.co\/en\/wp-json\/wp\/v2\/product_cat?post=723"},{"taxonomy":"product_tag","embeddable":true,"href":"https:\/\/terramarte.com.co\/en\/wp-json\/wp\/v2\/product_tag?post=723"}],"curies":[{"name":"wp","href":"https:\/\/api.w.org\/{rel}","templated":true}]}}