{"id":722,"date":"2025-01-22T00:08:44","date_gmt":"2025-01-22T00:08:44","guid":{"rendered":"https:\/\/mediumblue-stingray-756587.hostingersite.com\/?post_type=product&#038;p=722"},"modified":"2026-04-16T16:42:24","modified_gmt":"2026-04-16T16:42:24","slug":"bolsa-ecologica-eco-9","status":"publish","type":"product","link":"https:\/\/terramarte.com.co\/en\/product\/bolsa-ecologica-eco-9\/","title":{"rendered":"Eco-friendly bag 9"},"content":{"rendered":"<p>Es otra versi\u00f3n del tradicional tote bag, solo que con fuelle falso o un piso que ampl\u00eda su capacidad de carga, facilitando el orden y la b\u00fasqueda de elementos en su interior. Es c\u00f3moda, multifuncional y resistente. Disponible en lona, lienzo de algod\u00f3n o poli\u00e9ster. Un producto que no pasa de moda y que con un buen dise\u00f1o puede trascender lo corporativo y ser usada en diferentes contextos.<\/p>\n<p><u><b>FABRICS<\/b><\/u><u><b>:<\/b><\/u><\/p>\n<p>- 100% biodegradable cotton in natural color:<\/p>\n<p>*Cotton canvas of 235 g<\/p>\n<p>*Cotton canvas lightweight of 142 g \/ Muslin cotton  of 123 g<\/p>\n<p>- Polyester: 70 g.<\/p>\n<p>- Drill: 210 gr\/m2 (+-) .<\/p>\n<p><u><b>APPROXIMATE<\/b><\/u> <u><b>MEASUREMENTS:<\/b><\/u><\/p>\n<p>Upper width: 37 cm, Height: 37.5 cm Squared off bottom and\/or base gusset : 7 cm. With double handles approximately 55 cm long.<\/p>\n<p><u><b>PRINTING:<\/b><\/u><\/p>\n<p>Screen printing according to approved artwork<\/p>\n<p><u><b>NUMBER<\/b><\/u> <u><b>OF<\/b><\/u> <u><b>NUMBER OF COLORS<\/b><\/u><\/p>\n<ul>\n<li>Cotton\/Drill: From 1 to 4 colors or from 5 to 8 colors.<\/li>\n<li>Polyester: 1 color or total sublimation.<\/li>\n<\/ul>\n<p class=\"translation-block\"><u><b>MINIMUM<\/b><\/u> <u><b>ORDER:<\/b><\/u><\/p>\n<p>200 units.<\/p>","protected":false},"excerpt":{"rendered":"<p>Eco 9 eco-friendly bag with false gusset in cotton canvas, cotton fabric, or polyester. Ideal for all types of events and conferences.<\/p>","protected":false},"featured_media":3388,"comment_status":"open","ping_status":"closed","template":"","meta":{"_joinchat":[]},"product_brand":[],"product_cat":[21],"product_tag":[22,25],"class_list":{"0":"post-722","1":"product","2":"type-product","3":"status-publish","4":"has-post-thumbnail","6":"product_cat-bolsas-en-fibras-naturales","7":"product_tag-bolsas","8":"product_tag-bolso","10":"first","11":"outofstock","12":"shipping-taxable","13":"product-type-variable"},"_links":{"self":[{"href":"https:\/\/terramarte.com.co\/en\/wp-json\/wp\/v2\/product\/722","targetHints":{"allow":["GET"]}}],"collection":[{"href":"https:\/\/terramarte.com.co\/en\/wp-json\/wp\/v2\/product"}],"about":[{"href":"https:\/\/terramarte.com.co\/en\/wp-json\/wp\/v2\/types\/product"}],"replies":[{"embeddable":true,"href":"https:\/\/terramarte.com.co\/en\/wp-json\/wp\/v2\/comments?post=722"}],"wp:featuredmedia":[{"embeddable":true,"href":"https:\/\/terramarte.com.co\/en\/wp-json\/wp\/v2\/media\/3388"}],"wp:attachment":[{"href":"https:\/\/terramarte.com.co\/en\/wp-json\/wp\/v2\/media?parent=722"}],"wp:term":[{"taxonomy":"product_brand","embeddable":true,"href":"https:\/\/terramarte.com.co\/en\/wp-json\/wp\/v2\/product_brand?post=722"},{"taxonomy":"product_cat","embeddable":true,"href":"https:\/\/terramarte.com.co\/en\/wp-json\/wp\/v2\/product_cat?post=722"},{"taxonomy":"product_tag","embeddable":true,"href":"https:\/\/terramarte.com.co\/en\/wp-json\/wp\/v2\/product_tag?post=722"}],"curies":[{"name":"wp","href":"https:\/\/api.w.org\/{rel}","templated":true}]}}