{"id":719,"date":"2025-01-22T00:08:43","date_gmt":"2025-01-22T00:08:43","guid":{"rendered":"https:\/\/mediumblue-stingray-756587.hostingersite.com\/?post_type=product&#038;p=719"},"modified":"2025-09-18T14:34:25","modified_gmt":"2025-09-18T14:34:25","slug":"bolsa-ecologica-eco-6","status":"publish","type":"product","link":"https:\/\/terramarte.com.co\/en\/product\/bolsa-ecologica-eco-6\/","title":{"rendered":"Eco-friendly bag 6"},"content":{"rendered":"<p>Es otra de nuestras bolsas elaboradas en algod\u00f3n crudo biodegradable que por su tama\u00f1o, resistencia y confecci\u00f3n con fuelle falso resulta muy c\u00f3moda para llevar a cualquier parte, convirti\u00e9ndose casi en un pr\u00e1ctico bolso en el que se puede llevar todo tipo de compras.<\/p>\n<p><u><b>FABRICS<\/b><\/u><u><b>:<\/b><\/u><\/p>\n<p>- 100% biodegradable cotton in natural color:<\/p>\n<p>*Cotton canvas of 235 g<\/p>\n<p>*Cotton canvas lightweight of 142 g \/ Muslin cotton  of 123 g<\/p>\n<p><u><b>APPROXIMATE<\/b><\/u> <u><b>MEASUREMENTS:<\/b><\/u><\/p>\n<p>Width: 57 cm, Height: 36 cm. Squared off bottom and\/or base gusset: 12 cm. With handles made of raw woven cotton, approximately 55 cm long. \/*The canvas version varies in width to optimize material usage.<\/p>\n<p><u><b>PRINTING:<\/b><\/u><\/p>\n<p>Screen printing according to approved artwork<\/p>\n<p><u><b>NUMBER<\/b><\/u> <u><b>OF<\/b><\/u> <u><b>NUMBER OF COLORS<\/b><\/u><\/p>\n<ul>\n<li>Cotton: From 1 to 4 colors or from 5 to 8 colors.<\/li>\n<\/ul>\n<p class=\"translation-block\"><u><b>MINIMUM<\/b><\/u> <u><b>ORDER:<\/b><\/u><\/p>\n<p>200 units.<\/p>","protected":false},"excerpt":{"rendered":"<p>Eco 6 ecological bag with gusset ideal for events, conferences, shopping, markets and large objects. It is comfortable, resistant and works as a bag.<\/p>","protected":false},"featured_media":3379,"comment_status":"open","ping_status":"closed","template":"","meta":{"_joinchat":[]},"product_brand":[],"product_cat":[21],"product_tag":[22,25],"class_list":{"0":"post-719","1":"product","2":"type-product","3":"status-publish","4":"has-post-thumbnail","6":"product_cat-bolsas-en-fibras-naturales","7":"product_tag-bolsas","8":"product_tag-bolso","10":"first","11":"outofstock","12":"shipping-taxable","13":"product-type-variable"},"_links":{"self":[{"href":"https:\/\/terramarte.com.co\/en\/wp-json\/wp\/v2\/product\/719","targetHints":{"allow":["GET"]}}],"collection":[{"href":"https:\/\/terramarte.com.co\/en\/wp-json\/wp\/v2\/product"}],"about":[{"href":"https:\/\/terramarte.com.co\/en\/wp-json\/wp\/v2\/types\/product"}],"replies":[{"embeddable":true,"href":"https:\/\/terramarte.com.co\/en\/wp-json\/wp\/v2\/comments?post=719"}],"wp:featuredmedia":[{"embeddable":true,"href":"https:\/\/terramarte.com.co\/en\/wp-json\/wp\/v2\/media\/3379"}],"wp:attachment":[{"href":"https:\/\/terramarte.com.co\/en\/wp-json\/wp\/v2\/media?parent=719"}],"wp:term":[{"taxonomy":"product_brand","embeddable":true,"href":"https:\/\/terramarte.com.co\/en\/wp-json\/wp\/v2\/product_brand?post=719"},{"taxonomy":"product_cat","embeddable":true,"href":"https:\/\/terramarte.com.co\/en\/wp-json\/wp\/v2\/product_cat?post=719"},{"taxonomy":"product_tag","embeddable":true,"href":"https:\/\/terramarte.com.co\/en\/wp-json\/wp\/v2\/product_tag?post=719"}],"curies":[{"name":"wp","href":"https:\/\/api.w.org\/{rel}","templated":true}]}}