{"id":717,"date":"2025-01-22T00:08:42","date_gmt":"2025-01-22T00:08:42","guid":{"rendered":"https:\/\/mediumblue-stingray-756587.hostingersite.com\/?post_type=product&#038;p=717"},"modified":"2026-04-16T16:51:24","modified_gmt":"2026-04-16T16:51:24","slug":"tula-ecologica-eco-3","status":"publish","type":"product","link":"https:\/\/terramarte.com.co\/en\/product\/tula-ecologica-eco-3\/","title":{"rendered":"Eco 3 eco-friendly drawstring bag"},"content":{"rendered":"<p>Es una bolsa pr\u00e1ctica estilo tula con cord\u00f3n para cerrar y cargar a la espalda, los que la convierte en una bolsa muy segura y pr\u00e1ctica. Puede elaborarse seg\u00fan las necesidades y gusto de los clientes en algod\u00f3n crudo biodegradable, poli\u00e9ster semipermeable, yute tipo costal y dril. Resulta un producto perfecto para eventos, congresos y regalos corporativos.<\/p>\n<p><u><b>FABRICS<\/b><\/u><u><b>:<\/b><\/u><\/p>\n<p>- 100% biodegradable cotton in natural color:<\/p>\n<p>*Cotton canvas lightweight of 142 g \/ Muslin cotton  of 123 g<\/p>\n<p>- Polyester: 70 g.<\/p>\n<p>- Drill : 210 gr\/m2 (+-).<\/p>\n<p>- 100% natural biodegradable jute.<\/p>\n<p><u><b>APPROXIMATE<\/b><\/u> <u><b>MEASUREMENTS:<\/b><\/u><\/p>\n<p>Width: 32 cm, Height: 36 cm. With a shoulder strap made of cord without a lining in color.<\/p>\n<p><u><b>PRINTING:<\/b><\/u><\/p>\n<p>Screen printing according to approved art or full color sublimation.<\/p>\n<p><u><b>NUMBER<\/b><\/u> <u><b>OF<\/b><\/u> <u><b>NUMBER OF COLORS<\/b><\/u><\/p>\n<ul>\n<li>Cotton\/Drill: From 1 to 4 colors or from 5 to 8 colors.<\/li>\n<li>Polyester: 1 color or total sublimation.<\/li>\n<li>Jute: 1 to 4 colors with art validation.<\/li>\n<\/ul>\n<p class=\"translation-block\"><u><b>MINIMUM<\/b><\/u> <u><b>ORDER:<\/b><\/u><\/p>\n<p>200 units.<\/p>","protected":false},"excerpt":{"rendered":"<p>Canvas tote bag for events, conferences, or corporate gifts. Easy to carry, comfortable, and reliable.<\/p>","protected":false},"featured_media":4580,"comment_status":"open","ping_status":"closed","template":"","meta":{"_joinchat":[]},"product_brand":[],"product_cat":[21],"product_tag":[23,24],"class_list":{"0":"post-717","1":"product","2":"type-product","3":"status-publish","4":"has-post-thumbnail","6":"product_cat-bolsas-en-fibras-naturales","7":"product_tag-mochila","8":"product_tag-tula","10":"first","11":"outofstock","12":"shipping-taxable","13":"product-type-variable"},"_links":{"self":[{"href":"https:\/\/terramarte.com.co\/en\/wp-json\/wp\/v2\/product\/717","targetHints":{"allow":["GET"]}}],"collection":[{"href":"https:\/\/terramarte.com.co\/en\/wp-json\/wp\/v2\/product"}],"about":[{"href":"https:\/\/terramarte.com.co\/en\/wp-json\/wp\/v2\/types\/product"}],"replies":[{"embeddable":true,"href":"https:\/\/terramarte.com.co\/en\/wp-json\/wp\/v2\/comments?post=717"}],"wp:featuredmedia":[{"embeddable":true,"href":"https:\/\/terramarte.com.co\/en\/wp-json\/wp\/v2\/media\/4580"}],"wp:attachment":[{"href":"https:\/\/terramarte.com.co\/en\/wp-json\/wp\/v2\/media?parent=717"}],"wp:term":[{"taxonomy":"product_brand","embeddable":true,"href":"https:\/\/terramarte.com.co\/en\/wp-json\/wp\/v2\/product_brand?post=717"},{"taxonomy":"product_cat","embeddable":true,"href":"https:\/\/terramarte.com.co\/en\/wp-json\/wp\/v2\/product_cat?post=717"},{"taxonomy":"product_tag","embeddable":true,"href":"https:\/\/terramarte.com.co\/en\/wp-json\/wp\/v2\/product_tag?post=717"}],"curies":[{"name":"wp","href":"https:\/\/api.w.org\/{rel}","templated":true}]}}