{"id":715,"date":"2025-01-22T00:08:39","date_gmt":"2025-01-22T00:08:39","guid":{"rendered":"https:\/\/mediumblue-stingray-756587.hostingersite.com\/?post_type=product&#038;p=715"},"modified":"2026-04-16T19:27:30","modified_gmt":"2026-04-16T19:27:30","slug":"bolsa-ecologica-eco-1","status":"publish","type":"product","link":"https:\/\/terramarte.com.co\/en\/product\/bolsa-ecologica-eco-1\/","title":{"rendered":"Eco-friendly bag 1"},"content":{"rendered":"<p>Es una bolsa tipo tote bag elaborada 100% en algod\u00f3n crudo biodegradable, que permite impresiones en varias tintas y que, por su tama\u00f1o resulta muy pr\u00e1ctica para llevar a cualquier parte convirti\u00e9ndola en un producto ideal para entregar documentos y material promocional en eventos y congresos. Funciona bien como bolso de mano, aunque el largo de sus asas tambi\u00e9n permite llevarla al hombro. Dependiendo de la necesidad del cliente se puede elaborar en poli\u00e9ster o en versi\u00f3n mochila con correa en algod\u00f3n crudo tejido.<\/p>\n<p><u><b>FABRICS<\/b><\/u><u><b>:<\/b><\/u><\/p>\n<p>- 100% biodegradable cotton in natural color:<\/p>\n<p>* Cotton canvas of 235 g.<\/p>\n<p>* Cotton canvas lightweight of 142 g.<\/p>\n<p>- Polyester: 70 g.<\/p>\n<p><u><b>APPROXIMATE<\/b><\/u> <u><b>MEASUREMENTS:<\/b><\/u><\/p>\n<p>Width: 27 cm, Height: 26 cm. With double shoulder handles of 55 cm or shoulder strap of 110 cm in length handle.<\/p>\n<p><u><b>PRINTING:<\/b><\/u><\/p>\n<p>Screen printing according to approved artwork<\/p>\n<p><u><b>NUMBER<\/b><\/u> <u><b>OF<\/b><\/u> <u><b>NUMBER OF COLORS<\/b><\/u><\/p>\n<ul>\n<li>Cotton: From 1 to 4 colors or from 5 to 8 colors.<\/li>\n<li>Polyester: 1 color or total sublimation.<\/li>\n<\/ul>\n<p class=\"translation-block\"><u><b>MINIMUM<\/b><\/u> <u><b>ORDER:<\/b><\/u><\/p>\n<p>200 units.<\/p>","protected":false},"excerpt":{"rendered":"<p>Eco 1 flat ecological bag. Multifunctional and practical to carry everywhere.<\/p>","protected":false},"featured_media":3372,"comment_status":"open","ping_status":"closed","template":"","meta":{"_joinchat":[]},"product_brand":[],"product_cat":[21],"product_tag":[22],"class_list":{"0":"post-715","1":"product","2":"type-product","3":"status-publish","4":"has-post-thumbnail","6":"product_cat-bolsas-en-fibras-naturales","7":"product_tag-bolsas","9":"first","10":"outofstock","11":"shipping-taxable","12":"product-type-variable"},"_links":{"self":[{"href":"https:\/\/terramarte.com.co\/en\/wp-json\/wp\/v2\/product\/715","targetHints":{"allow":["GET"]}}],"collection":[{"href":"https:\/\/terramarte.com.co\/en\/wp-json\/wp\/v2\/product"}],"about":[{"href":"https:\/\/terramarte.com.co\/en\/wp-json\/wp\/v2\/types\/product"}],"replies":[{"embeddable":true,"href":"https:\/\/terramarte.com.co\/en\/wp-json\/wp\/v2\/comments?post=715"}],"wp:featuredmedia":[{"embeddable":true,"href":"https:\/\/terramarte.com.co\/en\/wp-json\/wp\/v2\/media\/3372"}],"wp:attachment":[{"href":"https:\/\/terramarte.com.co\/en\/wp-json\/wp\/v2\/media?parent=715"}],"wp:term":[{"taxonomy":"product_brand","embeddable":true,"href":"https:\/\/terramarte.com.co\/en\/wp-json\/wp\/v2\/product_brand?post=715"},{"taxonomy":"product_cat","embeddable":true,"href":"https:\/\/terramarte.com.co\/en\/wp-json\/wp\/v2\/product_cat?post=715"},{"taxonomy":"product_tag","embeddable":true,"href":"https:\/\/terramarte.com.co\/en\/wp-json\/wp\/v2\/product_tag?post=715"}],"curies":[{"name":"wp","href":"https:\/\/api.w.org\/{rel}","templated":true}]}}