{"id":4662,"date":"2026-04-22T13:28:31","date_gmt":"2026-04-22T13:28:31","guid":{"rendered":"https:\/\/terramarte.com.co\/?post_type=product&#038;p=4662"},"modified":"2026-05-05T15:51:58","modified_gmt":"2026-05-05T15:51:58","slug":"bolsa-ecologica-eco-79","status":"publish","type":"product","link":"https:\/\/terramarte.com.co\/en\/product\/bolsa-ecologica-eco-79\/","title":{"rendered":"Bolsa Ecol\u00f3gica eco 79"},"content":{"rendered":"<p>Bolsa Ecol\u00f3gica eco 79: Bolsa elaborada en cambrel con interior en foil, dise\u00f1ada para conservar la temperatura de los productos durante su transporte. Cuenta con un bot\u00f3n pl\u00e1stico que permite un cierre seguro, aportando practicidad en su uso diario. Por sus caracter\u00edsticas, es ideal para supermercados y el transporte de alimentos, ofreciendo una soluci\u00f3n funcional para mantener productos frescos o calientes.<\/p>\n<p><u><b>FABRICS<\/b><\/u><u><b>:<\/b><\/u><\/p>\n<p>&#8211; Cambrel 70 g *Colores en beige, rojo y negro (sujetos a disponibilidad.)<\/p>\n<p>&#8211; 100% Foil en su interior.<\/p>\n<p><u><b>APPROXIMATE<\/b><\/u> <u><b>MEASUREMENTS:<\/b><\/u><\/p>\n<p>Ancho: 33 cm, alto: 35 cm, con fuelle full de 20cm. Con manijas de 50 cm de largo.<\/p>\n<p><u><b>PRINTING:<\/b><\/u><\/p>\n<p>Flexograf\u00eda seg\u00fan arte aprobado.<\/p>\n<p>Screen printing according to approved artwork<\/p>\n<p><u><b>NUMBER<\/b><\/u> <u><b>OF<\/b><\/u> <u><b>NUMBER OF COLORS<\/b><\/u><\/p>\n<ul>\n<li>Cambrel: De 1 a 3 tintas.<\/li>\n<\/ul>\n<p class=\"translation-block\"><u><b>MINIMUM<\/b><\/u> <u><b>ORDER:<\/b><\/u><\/p>\n<p>5.000 \u00a0\u00a0\u00a0unidades.<\/p>","protected":false},"excerpt":{"rendered":"<p>Bolsa elaborada en cambrel con interior en foil, dise\u00f1ada para conservar la temperatura de los productos durante su transporte.<\/p>","protected":false},"featured_media":4664,"comment_status":"open","ping_status":"closed","template":"","meta":{"_joinchat":[]},"product_brand":[],"product_cat":[39],"product_tag":[22],"class_list":{"0":"post-4662","1":"product","2":"type-product","3":"status-publish","4":"has-post-thumbnail","6":"product_cat-sin-categoria","7":"product_tag-bolsas","9":"first","10":"instock","11":"shipping-taxable","12":"purchasable","13":"product-type-variable","14":"has-default-attributes"},"_links":{"self":[{"href":"https:\/\/terramarte.com.co\/en\/wp-json\/wp\/v2\/product\/4662","targetHints":{"allow":["GET"]}}],"collection":[{"href":"https:\/\/terramarte.com.co\/en\/wp-json\/wp\/v2\/product"}],"about":[{"href":"https:\/\/terramarte.com.co\/en\/wp-json\/wp\/v2\/types\/product"}],"replies":[{"embeddable":true,"href":"https:\/\/terramarte.com.co\/en\/wp-json\/wp\/v2\/comments?post=4662"}],"wp:featuredmedia":[{"embeddable":true,"href":"https:\/\/terramarte.com.co\/en\/wp-json\/wp\/v2\/media\/4664"}],"wp:attachment":[{"href":"https:\/\/terramarte.com.co\/en\/wp-json\/wp\/v2\/media?parent=4662"}],"wp:term":[{"taxonomy":"product_brand","embeddable":true,"href":"https:\/\/terramarte.com.co\/en\/wp-json\/wp\/v2\/product_brand?post=4662"},{"taxonomy":"product_cat","embeddable":true,"href":"https:\/\/terramarte.com.co\/en\/wp-json\/wp\/v2\/product_cat?post=4662"},{"taxonomy":"product_tag","embeddable":true,"href":"https:\/\/terramarte.com.co\/en\/wp-json\/wp\/v2\/product_tag?post=4662"}],"curies":[{"name":"wp","href":"https:\/\/api.w.org\/{rel}","templated":true}]}}