{"id":4660,"date":"2026-04-21T21:18:10","date_gmt":"2026-04-21T21:18:10","guid":{"rendered":"https:\/\/terramarte.com.co\/?post_type=product&#038;p=4660"},"modified":"2026-05-05T15:41:52","modified_gmt":"2026-05-05T15:41:52","slug":"tula-ecologica-eco-3xl","status":"publish","type":"product","link":"https:\/\/terramarte.com.co\/en\/product\/tula-ecologica-eco-3xl\/","title":{"rendered":"Tula ecol\u00f3gica eco 3XL"},"content":{"rendered":"<p>Tula ecol\u00f3gica eco 3xl: Bolsa tipo tula con cierre de cord\u00f3n y manijas largas que permiten llevarla c\u00f3modamente en la espalda. Su formato amplio, mayor que la Eco 3, incrementa la capacidad de carga. Elaborada en materiales como algod\u00f3n o poli\u00e9ster seg\u00fan necesidad del cliente. Se destaca por su comodidad y versatilidad. Ideal para eventos, congresos y regalos corporativos.<\/p>\n<p><u><b>FABRICS<\/b><\/u><u><b>:<\/b><\/u><\/p>\n<p>- 100% biodegradable cotton in natural color:<\/p>\n<p>*Cotton canvas lightweight of 142 g \/ Muslin cotton  of 123 g<\/p>\n<p>- Polyester: 70 g.<\/p>\n<p>- Drill : 210 gr\/m2 (+-).<\/p>\n<p>-Polialgod\u00f3n: 130 g.<\/p>\n<p><u><b>APPROXIMATE<\/b><\/u> <u><b>MEASUREMENTS:<\/b><\/u><\/p>\n<p>Ancho: 34 cm, alto: 42 cm. Con correa de hombro en cord\u00f3n sin alma de color de 82 cm de largo.<\/p>\n<p><u><b>PRINTING:<\/b><\/u><\/p>\n<p>Screen printing according to approved art or full color sublimation.<\/p>\n<p><u><b>NUMBER<\/b><\/u> <u><b>OF<\/b><\/u> <u><b>NUMBER OF COLORS<\/b><\/u><\/p>\n<ul>\n<li>Cotton: From 1 to 4 colors or from 5 to 8 colors.<\/li>\n<li>Polyester: 1 color or total sublimation.<\/li>\n<li>Jute: 1 to 4 colors with art validation.<\/li>\n<li>Polialgod\u00f3n: De 1 a 4 tintas o de 5 a 8 tintas.<\/li>\n<\/ul>\n<p class=\"translation-block\"><u><b>MINIMUM<\/b><\/u> <u><b>ORDER:<\/b><\/u><\/p>\n<p>200 units.<\/p>","protected":false},"excerpt":{"rendered":"<p>Bolsa tipo tula con cierre de cord\u00f3n y manijas largas que permiten llevarla c\u00f3modamente en la espalda. Su formato amplio, mayor que la Eco 3, incrementa la capacidad de carga.<\/p>","protected":false},"featured_media":4661,"comment_status":"open","ping_status":"closed","template":"","meta":{"_joinchat":[]},"product_brand":[],"product_cat":[21],"product_tag":[23,24],"class_list":{"0":"post-4660","1":"product","2":"type-product","3":"status-publish","4":"has-post-thumbnail","6":"product_cat-bolsas-en-fibras-naturales","7":"product_tag-mochila","8":"product_tag-tula","10":"first","11":"outofstock","12":"shipping-taxable","13":"product-type-variable"},"_links":{"self":[{"href":"https:\/\/terramarte.com.co\/en\/wp-json\/wp\/v2\/product\/4660","targetHints":{"allow":["GET"]}}],"collection":[{"href":"https:\/\/terramarte.com.co\/en\/wp-json\/wp\/v2\/product"}],"about":[{"href":"https:\/\/terramarte.com.co\/en\/wp-json\/wp\/v2\/types\/product"}],"replies":[{"embeddable":true,"href":"https:\/\/terramarte.com.co\/en\/wp-json\/wp\/v2\/comments?post=4660"}],"wp:featuredmedia":[{"embeddable":true,"href":"https:\/\/terramarte.com.co\/en\/wp-json\/wp\/v2\/media\/4661"}],"wp:attachment":[{"href":"https:\/\/terramarte.com.co\/en\/wp-json\/wp\/v2\/media?parent=4660"}],"wp:term":[{"taxonomy":"product_brand","embeddable":true,"href":"https:\/\/terramarte.com.co\/en\/wp-json\/wp\/v2\/product_brand?post=4660"},{"taxonomy":"product_cat","embeddable":true,"href":"https:\/\/terramarte.com.co\/en\/wp-json\/wp\/v2\/product_cat?post=4660"},{"taxonomy":"product_tag","embeddable":true,"href":"https:\/\/terramarte.com.co\/en\/wp-json\/wp\/v2\/product_tag?post=4660"}],"curies":[{"name":"wp","href":"https:\/\/api.w.org\/{rel}","templated":true}]}}