{"id":4658,"date":"2026-04-21T16:02:20","date_gmt":"2026-04-21T16:02:20","guid":{"rendered":"https:\/\/terramarte.com.co\/?post_type=product&#038;p=4658"},"modified":"2026-05-05T15:51:08","modified_gmt":"2026-05-05T15:51:08","slug":"bolsa-ecologica-eco-32","status":"publish","type":"product","link":"https:\/\/terramarte.com.co\/en\/product\/bolsa-ecologica-eco-32\/","title":{"rendered":"Bolsa ecol\u00f3gica eco 32"},"content":{"rendered":"<p>Bolsa ecol\u00f3gica eco 32: Bolsa tipo tote bag con manijas largas que permiten llevarla en la mano o al hombro, ofreciendo mayor comodidad en su uso. Su tama\u00f1o, mayor que la Eco 1, la hace pr\u00e1ctica para transportar documentos, revistas y folletos. Elaborada en algod\u00f3n, poli\u00e9ster o seg\u00fan requerimiento del cliente. Se destaca por su funcionalidad y adaptabilidad a diferentes formatos. Ideal para eventos, congresos y uso corporativo.<\/p>\n<p><u><b>FABRICS<\/b><\/u><u><b>:<\/b><\/u><\/p>\n<p>- 100% biodegradable cotton in natural color:<\/p>\n<p>*Cotton canvas of 235 g<\/p>\n<p>*Cotton canvas lightweight of 142 g<\/p>\n<p>&#8211; Polialgod\u00f3n:\u00a0 130 g.<\/p>\n<p>&#8211; Dril:\u00a0 250 g.<\/p>\n<p><u><b>APPROXIMATE<\/b><\/u> <u><b>MEASUREMENTS:<\/b><\/u><\/p>\n<p>Ancho: 33 cm,\u00a0 alto: 45 cm. Con manijas de hombro en reata de algod\u00f3n de 55 cm\u00a0 de largo aprox.<\/p>\n<p><u><b>PRINTING:<\/b><\/u><\/p>\n<p>Screen printing according to approved artwork<\/p>\n<p><u><b>NUMBER<\/b><\/u> <u><b>OF<\/b><\/u> <u><b>NUMBER OF COLORS<\/b><\/u><\/p>\n<ul>\n<li>Cotton\/Drill: From 1 to 4 colors or from 5 to 8 colors.<\/li>\n<li>Poli\u00e9ster: De 1 tinta.<\/li>\n<li>Polialgod\u00f3n: De 1 a 4 tintas o de 5 a 8 tintas.<\/li>\n<\/ul>\n<p class=\"translation-block\"><u><b>MINIMUM<\/b><\/u> <u><b>ORDER:<\/b><\/u><\/p>\n<p>200 units.<\/p>","protected":false},"excerpt":{"rendered":"<p>Bolsa tipo tote bag con manijas largas que permiten llevarla en la mano o al hombro, ofreciendo mayor comodidad en su uso. Su tama\u00f1o, mayor que la Eco 1, la hace pr\u00e1ctica para transportar documentos, revistas y folletos.<\/p>","protected":false},"featured_media":4659,"comment_status":"open","ping_status":"closed","template":"","meta":{"_joinchat":[]},"product_brand":[],"product_cat":[21],"product_tag":[22,25],"class_list":{"0":"post-4658","1":"product","2":"type-product","3":"status-publish","4":"has-post-thumbnail","6":"product_cat-bolsas-en-fibras-naturales","7":"product_tag-bolsas","8":"product_tag-bolso","10":"first","11":"outofstock","12":"featured","13":"shipping-taxable","14":"product-type-variable"},"_links":{"self":[{"href":"https:\/\/terramarte.com.co\/en\/wp-json\/wp\/v2\/product\/4658","targetHints":{"allow":["GET"]}}],"collection":[{"href":"https:\/\/terramarte.com.co\/en\/wp-json\/wp\/v2\/product"}],"about":[{"href":"https:\/\/terramarte.com.co\/en\/wp-json\/wp\/v2\/types\/product"}],"replies":[{"embeddable":true,"href":"https:\/\/terramarte.com.co\/en\/wp-json\/wp\/v2\/comments?post=4658"}],"wp:featuredmedia":[{"embeddable":true,"href":"https:\/\/terramarte.com.co\/en\/wp-json\/wp\/v2\/media\/4659"}],"wp:attachment":[{"href":"https:\/\/terramarte.com.co\/en\/wp-json\/wp\/v2\/media?parent=4658"}],"wp:term":[{"taxonomy":"product_brand","embeddable":true,"href":"https:\/\/terramarte.com.co\/en\/wp-json\/wp\/v2\/product_brand?post=4658"},{"taxonomy":"product_cat","embeddable":true,"href":"https:\/\/terramarte.com.co\/en\/wp-json\/wp\/v2\/product_cat?post=4658"},{"taxonomy":"product_tag","embeddable":true,"href":"https:\/\/terramarte.com.co\/en\/wp-json\/wp\/v2\/product_tag?post=4658"}],"curies":[{"name":"wp","href":"https:\/\/api.w.org\/{rel}","templated":true}]}}