{"id":4215,"date":"2025-07-09T21:18:17","date_gmt":"2025-07-09T21:18:17","guid":{"rendered":"https:\/\/terramarte.com.co\/?post_type=product&#038;p=4215"},"modified":"2025-08-08T13:47:39","modified_gmt":"2025-08-08T13:47:39","slug":"botella-mareva","status":"publish","type":"product","link":"https:\/\/terramarte.com.co\/en\/product\/botella-mareva\/","title":{"rendered":"Botella Mareva"},"content":{"rendered":"<p>Botella ecol\u00f3gica fabricada con materiales alternativos como biopl\u00e1stico con PET, concha de mar y fibra de agave. Tiene una tapa con sistema de rosca que incluye v\u00e1lvula de seguridad. Ideal para eventos, congresos o regalos corporativos. Es resistente, c\u00f3moda, multifuncional, pr\u00e1ctica, f\u00e1cil de guardar y llevar.<\/p>\n<p>*No apto para bebidas calientes. No introducir en microondas ni lavavajillas.*<\/p>\n<p><u><b>FABRICS<\/b><\/u><u><b>:<\/b><\/u><\/p>\n<p>&#8211; PET \/ Concha de Mar \/ Fibra de Agave<\/p>\n<p><u><b>CAPACITY<\/b><\/u><u><b>:<\/b><\/u><\/p>\n<p>500 ml<\/p>\n<p><u><b>APPROXIMATE<\/b><\/u> <u><b>MEASUREMENTS:<\/b><\/u><\/p>\n<p>Di\u00e1metro: 6,2 cm, alto: 19 cm.<\/p>\n<p><u><b>PRINTING:<\/b><\/u><\/p>\n<p>Serigrafia a 1 tinta.<\/p>\n<p class=\"translation-block\"><u><b>MINIMUM<\/b><\/u> <u><b>ORDER:<\/b><\/u><\/p>\n<p>100 Units.<\/p>\n<p><u><b>COLORES<\/b><\/u><\/p>\n<p>Blanco.<\/p>","protected":false},"excerpt":{"rendered":"<p>Botella ecol\u00f3gica fabricada con materiales alternativos como biopl\u00e1stico con PET, concha de mar y fibra de agave. Ideal para eventos, congresos o regalos corporativos.<\/p>","protected":false},"featured_media":4216,"comment_status":"open","ping_status":"closed","template":"","meta":{"_joinchat":[]},"product_brand":[],"product_cat":[44],"product_tag":[56,45],"class_list":{"0":"post-4215","1":"product","2":"type-product","3":"status-publish","4":"has-post-thumbnail","6":"product_cat-eco-promocionales","7":"product_tag-botilito","8":"product_tag-promocional","10":"first","11":"instock","12":"shipping-taxable","13":"product-type-grouped"},"_links":{"self":[{"href":"https:\/\/terramarte.com.co\/en\/wp-json\/wp\/v2\/product\/4215","targetHints":{"allow":["GET"]}}],"collection":[{"href":"https:\/\/terramarte.com.co\/en\/wp-json\/wp\/v2\/product"}],"about":[{"href":"https:\/\/terramarte.com.co\/en\/wp-json\/wp\/v2\/types\/product"}],"replies":[{"embeddable":true,"href":"https:\/\/terramarte.com.co\/en\/wp-json\/wp\/v2\/comments?post=4215"}],"wp:featuredmedia":[{"embeddable":true,"href":"https:\/\/terramarte.com.co\/en\/wp-json\/wp\/v2\/media\/4216"}],"wp:attachment":[{"href":"https:\/\/terramarte.com.co\/en\/wp-json\/wp\/v2\/media?parent=4215"}],"wp:term":[{"taxonomy":"product_brand","embeddable":true,"href":"https:\/\/terramarte.com.co\/en\/wp-json\/wp\/v2\/product_brand?post=4215"},{"taxonomy":"product_cat","embeddable":true,"href":"https:\/\/terramarte.com.co\/en\/wp-json\/wp\/v2\/product_cat?post=4215"},{"taxonomy":"product_tag","embeddable":true,"href":"https:\/\/terramarte.com.co\/en\/wp-json\/wp\/v2\/product_tag?post=4215"}],"curies":[{"name":"wp","href":"https:\/\/api.w.org\/{rel}","templated":true}]}}