{"id":4206,"date":"2025-07-09T16:22:51","date_gmt":"2025-07-09T16:22:51","guid":{"rendered":"https:\/\/terramarte.com.co\/?post_type=product&#038;p=4206"},"modified":"2025-08-08T13:49:19","modified_gmt":"2025-08-08T13:49:19","slug":"botella-ciclo","status":"publish","type":"product","link":"https:\/\/terramarte.com.co\/en\/product\/botella-ciclo\/","title":{"rendered":"Botella Ciclo"},"content":{"rendered":"<p>Botella ecol\u00f3gica de aluminio con tapa rosca, ideal para eventos, congresos o regalos corporativos. Es resistente, c\u00f3moda, multifuncional, pr\u00e1ctica, f\u00e1cil de guardar y llevar. Est\u00e1 libre de BPA (Bisfeno A) u otras sustancias nocivas.<\/p>\n<p><u><b>FABRICS<\/b><\/u><u><b>:<\/b><\/u><\/p>\n<p>\u2013 Aluminum<\/p>\n<p><u><b>CAPACITY<\/b><\/u><u><b>:<\/b><\/u><\/p>\n<p>550ml<\/p>\n<p><u><b>APPROXIMATE<\/b><\/u> <u><b>MEASUREMENTS:<\/b><\/u><\/p>\n<p>Di\u00e1metro: 6 cm, alto: 22,5 cm.<\/p>\n<p><u><b>PRINTING:<\/b><\/u><\/p>\n<p>L\u00e1ser sobre aluminio.<\/p>\n<p class=\"translation-block\"><u><b>MINIMUM<\/b><\/u> <u><b>ORDER:<\/b><\/u><\/p>\n<p>100 Units.<\/p>","protected":false},"excerpt":{"rendered":"<p>Botella ecol\u00f3gica de aluminio con tapa rosca, ideal para eventos, congresos o regalos corporativos.<\/p>","protected":false},"featured_media":4208,"comment_status":"open","ping_status":"closed","template":"","meta":{"_joinchat":[]},"product_brand":[],"product_cat":[44],"product_tag":[56,45],"class_list":{"0":"post-4206","1":"product","2":"type-product","3":"status-publish","4":"has-post-thumbnail","6":"product_cat-eco-promocionales","7":"product_tag-botilito","8":"product_tag-promocional","10":"first","11":"instock","12":"shipping-taxable","13":"product-type-grouped"},"_links":{"self":[{"href":"https:\/\/terramarte.com.co\/en\/wp-json\/wp\/v2\/product\/4206","targetHints":{"allow":["GET"]}}],"collection":[{"href":"https:\/\/terramarte.com.co\/en\/wp-json\/wp\/v2\/product"}],"about":[{"href":"https:\/\/terramarte.com.co\/en\/wp-json\/wp\/v2\/types\/product"}],"replies":[{"embeddable":true,"href":"https:\/\/terramarte.com.co\/en\/wp-json\/wp\/v2\/comments?post=4206"}],"wp:featuredmedia":[{"embeddable":true,"href":"https:\/\/terramarte.com.co\/en\/wp-json\/wp\/v2\/media\/4208"}],"wp:attachment":[{"href":"https:\/\/terramarte.com.co\/en\/wp-json\/wp\/v2\/media?parent=4206"}],"wp:term":[{"taxonomy":"product_brand","embeddable":true,"href":"https:\/\/terramarte.com.co\/en\/wp-json\/wp\/v2\/product_brand?post=4206"},{"taxonomy":"product_cat","embeddable":true,"href":"https:\/\/terramarte.com.co\/en\/wp-json\/wp\/v2\/product_cat?post=4206"},{"taxonomy":"product_tag","embeddable":true,"href":"https:\/\/terramarte.com.co\/en\/wp-json\/wp\/v2\/product_tag?post=4206"}],"curies":[{"name":"wp","href":"https:\/\/api.w.org\/{rel}","templated":true}]}}