{"id":2953,"date":"2025-05-15T22:55:03","date_gmt":"2025-05-15T22:55:03","guid":{"rendered":"https:\/\/mediumblue-stingray-756587.hostingersite.com\/?post_type=product&#038;p=2953"},"modified":"2025-08-08T14:06:05","modified_gmt":"2025-08-08T14:06:05","slug":"travel-bag","status":"publish","type":"product","link":"https:\/\/terramarte.com.co\/en\/product\/travel-bag\/","title":{"rendered":"TRAVEL BAG"},"content":{"rendered":"<p class=\"\" data-start=\"219\" data-end=\"613\">Who would think of using a shopping bag as a travel bag?<\/p>\n<p class=\"\" data-start=\"219\" data-end=\"613\">We would.<\/p>\n<p class=\"\" data-start=\"219\" data-end=\"613\">This bag embodies the purpose of the entire collection: to inspire a desire for use and ensure it gets reused beyond the supermarket. With a military-style design in drill fabric, reinforced handles, multifunctional strap, and an interior featuring exclusive lining, double pocket with Velcro, and a semi-waterproof secret pouch. Designed for the beach, the mountains, university, the gym\u2026 A bag with more uses, more style, and more stories.<\/p>\n<p data-start=\"219\" data-end=\"613\">Ideal for events, conferences, or gifts; multifunctional and practical to take anywhere.<\/p>\n<div><strong><u>MATERIALS:\u00a0<\/u><\/strong><\/div>\n<div>Drill fabric bag.<\/div>\n<div>Inner lining in 100% semi-waterproof polyester fabric.<\/div>\n<div><\/div>\n<div>\n<div><strong><u>MEASUREMENTS:\u00a0<\/u><\/strong><\/div>\n<div>Mouth width: 67 cm, height: 40 cm, and base: 20 cm.<\/div>\n<\/div>\n<div><\/div>\n<div>\n<div class=\"translation-block\"><u><b>MINIMUM<\/b><\/u> <u><b>ORDER:<\/b><\/u><\/div>\n<div>50 Units.<\/div>\n<\/div>","protected":false},"excerpt":{"rendered":"<p>Este bolso resume la intenci\u00f3n de toda la colecci\u00f3n: inspirar deseo de uso y asegurar su reutilizaci\u00f3n m\u00e1s all\u00e1 del supermercado.<\/p>","protected":false},"featured_media":2954,"comment_status":"open","ping_status":"closed","template":"","meta":{"_joinchat":[]},"product_brand":[],"product_cat":[94,85],"product_tag":[],"class_list":{"0":"post-2953","1":"product","2":"type-product","3":"status-publish","4":"has-post-thumbnail","6":"product_cat-premium","7":"product_cat-venta-unitaria","9":"first","10":"instock","11":"shipping-taxable","12":"purchasable","13":"product-type-simple"},"_links":{"self":[{"href":"https:\/\/terramarte.com.co\/en\/wp-json\/wp\/v2\/product\/2953","targetHints":{"allow":["GET"]}}],"collection":[{"href":"https:\/\/terramarte.com.co\/en\/wp-json\/wp\/v2\/product"}],"about":[{"href":"https:\/\/terramarte.com.co\/en\/wp-json\/wp\/v2\/types\/product"}],"replies":[{"embeddable":true,"href":"https:\/\/terramarte.com.co\/en\/wp-json\/wp\/v2\/comments?post=2953"}],"wp:featuredmedia":[{"embeddable":true,"href":"https:\/\/terramarte.com.co\/en\/wp-json\/wp\/v2\/media\/2954"}],"wp:attachment":[{"href":"https:\/\/terramarte.com.co\/en\/wp-json\/wp\/v2\/media?parent=2953"}],"wp:term":[{"taxonomy":"product_brand","embeddable":true,"href":"https:\/\/terramarte.com.co\/en\/wp-json\/wp\/v2\/product_brand?post=2953"},{"taxonomy":"product_cat","embeddable":true,"href":"https:\/\/terramarte.com.co\/en\/wp-json\/wp\/v2\/product_cat?post=2953"},{"taxonomy":"product_tag","embeddable":true,"href":"https:\/\/terramarte.com.co\/en\/wp-json\/wp\/v2\/product_tag?post=2953"}],"curies":[{"name":"wp","href":"https:\/\/api.w.org\/{rel}","templated":true}]}}