{"id":2944,"date":"2025-05-15T22:43:47","date_gmt":"2025-05-15T22:43:47","guid":{"rendered":"https:\/\/mediumblue-stingray-756587.hostingersite.com\/?post_type=product&#038;p=2944"},"modified":"2025-08-08T14:09:25","modified_gmt":"2025-08-08T14:09:25","slug":"tot-bag","status":"publish","type":"product","link":"https:\/\/terramarte.com.co\/en\/product\/tot-bag\/","title":{"rendered":"TOT BAG"},"content":{"rendered":"<p class=\"\" data-start=\"219\" data-end=\"613\">Within our portfolio\u2014and across the entire category\u2014Tote Bags have earned their place as an icon in the fight against plastic, becoming one of the most requested products by our clients. That\u2019s why this premium collection had to include a stylish reinterpretation of the classic canvas bag, with side pockets to carry anything from a thermos to an umbrella; zippered closure and inner pocket, long handles for added comfort, and an environmental message that invites reflection.<\/p>\n<p data-start=\"219\" data-end=\"613\">Ideal for events, conferences, or gifts; multifunctional and practical to take anywhere.<\/p>\n<div><strong><u>MATERIALS:\u00a0<\/u><\/strong><\/div>\n<div>100% cotton canvas.<\/div>\n<div>Inner lining in 100% semi-waterproof polyester fabric.<\/div>\n<div><\/div>\n<div>\n<div><strong><u>MEASUREMENTS:\u00a0<\/u><\/strong><\/div>\n<div>\n<div>Width: 34 cm + side pocket width, height: 38 cm, and gusset: 15 cm.<\/div>\n<\/div>\n<\/div>\n<div>\n<div><\/div>\n<div class=\"translation-block\"><u><b>MINIMUM<\/b><\/u> <u><b>ORDER:<\/b><\/u><\/div>\n<div>50 Units.<\/div>\n<\/div>","protected":false},"excerpt":{"rendered":"<p>Dentro de nuestro portafolio \u2014y de toda la categor\u00eda\u2014 las Tote Bags se han ganado su lugar como \u00edcono de la lucha contra el pl\u00e1stico, convirti\u00e9ndose en uno de los productos m\u00e1s pedidos por nuestros clientes. Por eso, en esta colecci\u00f3n premium no pod\u00eda falta una reinterpretaci\u00f3n estilizada de la cl\u00e1sica bolsa en lona.<\/p>","protected":false},"featured_media":2945,"comment_status":"open","ping_status":"closed","template":"","meta":{"_joinchat":[]},"product_brand":[],"product_cat":[94,85],"product_tag":[],"class_list":{"0":"post-2944","1":"product","2":"type-product","3":"status-publish","4":"has-post-thumbnail","6":"product_cat-premium","7":"product_cat-venta-unitaria","9":"first","10":"instock","11":"shipping-taxable","12":"purchasable","13":"product-type-simple"},"_links":{"self":[{"href":"https:\/\/terramarte.com.co\/en\/wp-json\/wp\/v2\/product\/2944","targetHints":{"allow":["GET"]}}],"collection":[{"href":"https:\/\/terramarte.com.co\/en\/wp-json\/wp\/v2\/product"}],"about":[{"href":"https:\/\/terramarte.com.co\/en\/wp-json\/wp\/v2\/types\/product"}],"replies":[{"embeddable":true,"href":"https:\/\/terramarte.com.co\/en\/wp-json\/wp\/v2\/comments?post=2944"}],"wp:featuredmedia":[{"embeddable":true,"href":"https:\/\/terramarte.com.co\/en\/wp-json\/wp\/v2\/media\/2945"}],"wp:attachment":[{"href":"https:\/\/terramarte.com.co\/en\/wp-json\/wp\/v2\/media?parent=2944"}],"wp:term":[{"taxonomy":"product_brand","embeddable":true,"href":"https:\/\/terramarte.com.co\/en\/wp-json\/wp\/v2\/product_brand?post=2944"},{"taxonomy":"product_cat","embeddable":true,"href":"https:\/\/terramarte.com.co\/en\/wp-json\/wp\/v2\/product_cat?post=2944"},{"taxonomy":"product_tag","embeddable":true,"href":"https:\/\/terramarte.com.co\/en\/wp-json\/wp\/v2\/product_tag?post=2944"}],"curies":[{"name":"wp","href":"https:\/\/api.w.org\/{rel}","templated":true}]}}