{"id":1177,"date":"2025-02-03T19:20:07","date_gmt":"2025-02-03T19:20:07","guid":{"rendered":"https:\/\/mediumblue-stingray-756587.hostingersite.com\/?post_type=product&#038;p=1177"},"modified":"2026-04-16T16:44:41","modified_gmt":"2026-04-16T16:44:41","slug":"bolsa-plegable-eco-51-2","status":"publish","type":"product","link":"https:\/\/terramarte.com.co\/en\/product\/bolsa-plegable-eco-51-2\/","title":{"rendered":"Eco 51 Foldable Bag"},"content":{"rendered":"<p>Bolsa plegable semipermeable en poli\u00e9ster que, gracias su original dise\u00f1o y al caucho cosido a la boca de la misma, permite comprimirla y empacarla de forma pr\u00e1ctica para poder llevarla siempre consigo. Ideal para compras y peque\u00f1os mercados de \u00faltima hora.<\/p>\n<p><u><b>FABRICS<\/b><\/u><u><b>:<\/b><\/u><\/p>\n<p>- Polyester: 70 g.<\/p>\n<p><u><b>APPROXIMATE<\/b><\/u>\u00a0<u><b>MEASUREMENTS:<\/b><\/u><\/p>\n<p>Width: 47 cm, height: 64 cm. With black elastic for self-storage.<\/p>\n<p><u><b>PRINTING:<\/b><\/u><\/p>\n<p>Screen printing according to approved art or full color sublimation.<\/p>\n<p><u><b>NUMBER<\/b><\/u>\u00a0<u><b>OF<\/b><\/u>\u00a0<u><b>COLORS<\/b><\/u><u><b>:<\/b><\/u><\/p>\n<ul>\n<li>Polyester: 1 color or total sublimation.<\/li>\n<\/ul>\n<p><u><b>ORDER<\/b><\/u>\u00a0<u><b>MINIMUM:<\/b><\/u><\/p>\n<p>200 units.<\/p>","protected":false},"excerpt":{"rendered":"<p>Eco 51 foldable bag, ideal for shopping, markets, and large quantities of products.<\/p>","protected":false},"featured_media":3269,"comment_status":"open","ping_status":"closed","template":"","meta":{"_joinchat":[]},"product_brand":[],"product_cat":[32],"product_tag":[],"class_list":{"0":"post-1177","1":"product","2":"type-product","3":"status-publish","4":"has-post-thumbnail","6":"product_cat-bolsas-en-poliester","8":"first","9":"instock","10":"shipping-taxable","11":"purchasable","12":"product-type-variable"},"_links":{"self":[{"href":"https:\/\/terramarte.com.co\/en\/wp-json\/wp\/v2\/product\/1177","targetHints":{"allow":["GET"]}}],"collection":[{"href":"https:\/\/terramarte.com.co\/en\/wp-json\/wp\/v2\/product"}],"about":[{"href":"https:\/\/terramarte.com.co\/en\/wp-json\/wp\/v2\/types\/product"}],"replies":[{"embeddable":true,"href":"https:\/\/terramarte.com.co\/en\/wp-json\/wp\/v2\/comments?post=1177"}],"wp:featuredmedia":[{"embeddable":true,"href":"https:\/\/terramarte.com.co\/en\/wp-json\/wp\/v2\/media\/3269"}],"wp:attachment":[{"href":"https:\/\/terramarte.com.co\/en\/wp-json\/wp\/v2\/media?parent=1177"}],"wp:term":[{"taxonomy":"product_brand","embeddable":true,"href":"https:\/\/terramarte.com.co\/en\/wp-json\/wp\/v2\/product_brand?post=1177"},{"taxonomy":"product_cat","embeddable":true,"href":"https:\/\/terramarte.com.co\/en\/wp-json\/wp\/v2\/product_cat?post=1177"},{"taxonomy":"product_tag","embeddable":true,"href":"https:\/\/terramarte.com.co\/en\/wp-json\/wp\/v2\/product_tag?post=1177"}],"curies":[{"name":"wp","href":"https:\/\/api.w.org\/{rel}","templated":true}]}}