{"id":3196,"date":"2025-05-26T23:38:19","date_gmt":"2025-05-26T23:38:19","guid":{"rendered":"https:\/\/mediumblue-stingray-756587.hostingersite.com\/?page_id=3196"},"modified":"2025-06-18T15:14:50","modified_gmt":"2025-06-18T15:14:50","slug":"blog","status":"publish","type":"page","link":"https:\/\/terramarte.com.co\/en\/blog\/","title":{"rendered":"Blog"},"content":{"rendered":"\t\t<div data-elementor-type=\"wp-page\" data-elementor-id=\"3196\" class=\"elementor elementor-3196\" data-elementor-post-type=\"page\">\n\t\t\t\t<div class=\"elementor-element elementor-element-86fbf73 e-con-full e-flex e-con e-parent\" data-id=\"86fbf73\" data-element_type=\"container\" data-e-type=\"container\" data-settings=\"{&quot;background_background&quot;:&quot;classic&quot;}\">\n\t\t<div class=\"elementor-element elementor-element-1398176 e-con-full e-flex e-con e-child\" data-id=\"1398176\" data-element_type=\"container\" data-e-type=\"container\">\n\t\t\t\t<div class=\"elementor-element elementor-element-0486ba9 elementor-widget elementor-widget-heading\" data-id=\"0486ba9\" data-element_type=\"widget\" data-e-type=\"widget\" data-widget_type=\"heading.default\">\n\t\t\t\t<div class=\"elementor-widget-container\">\n\t\t\t\t\t<h1 class=\"elementor-heading-title elementor-size-default\">BLOG<\/h1>\t\t\t\t<\/div>\n\t\t\t\t<\/div>\n\t\t\t\t<div class=\"elementor-element elementor-element-1e13d50 elementor-widget elementor-widget-text-editor\" data-id=\"1e13d50\" data-element_type=\"widget\" data-e-type=\"widget\" data-widget_type=\"text-editor.default\">\n\t\t\t\t<div class=\"elementor-widget-container\">\n\t\t\t\t\t\t\t\t\t<p>En este espacio compartimos novedades, ideas y contenidos relacionados con nuestras ecobolsas, el dise\u00f1o sustentable y el impacto positivo que buscamos generar en el planeta. Te invitamos a descubrir m\u00e1s sobre nuestros procesos, inspirarte con iniciativas verdes y acompa\u00f1arnos en el camino hacia un consumo m\u00e1s consciente.<\/p>\t\t\t\t\t\t\t\t<\/div>\n\t\t\t\t<\/div>\n\t\t\t\t<\/div>\n\t\t<div class=\"elementor-element elementor-element-f2bd50c e-con-full e-flex e-con e-child\" data-id=\"f2bd50c\" data-element_type=\"container\" data-e-type=\"container\">\n\t\t\t\t<\/div>\n\t\t\t\t<\/div>\n\t\t<div class=\"elementor-element elementor-element-8b8a524 e-con-full e-flex e-con e-parent\" data-id=\"8b8a524\" data-element_type=\"container\" data-e-type=\"container\">\n\t\t\t\t<div class=\"elementor-element elementor-element-3eb3a6f elementor-widget elementor-widget-heading\" data-id=\"3eb3a6f\" data-element_type=\"widget\" data-e-type=\"widget\" data-widget_type=\"heading.default\">\n\t\t\t\t<div class=\"elementor-widget-container\">\n\t\t\t\t\t<h2 class=\"elementor-heading-title elementor-size-default\">Art\u00edculos y noticias<\/h2>\t\t\t\t<\/div>\n\t\t\t\t<\/div>\n\t\t\t\t<div class=\"elementor-element elementor-element-a75a2e6 elementor-grid-3 elementor-grid-tablet-2 elementor-grid-mobile-1 elementor-widget elementor-widget-loop-grid\" data-id=\"a75a2e6\" data-element_type=\"widget\" data-e-type=\"widget\" data-settings=\"{&quot;template_id&quot;:&quot;3193&quot;,&quot;pagination_type&quot;:&quot;numbers_and_prev_next&quot;,&quot;pagination_load_type&quot;:&quot;ajax&quot;,&quot;row_gap&quot;:{&quot;unit&quot;:&quot;px&quot;,&quot;size&quot;:5,&quot;sizes&quot;:[]},&quot;_skin&quot;:&quot;post&quot;,&quot;columns&quot;:&quot;3&quot;,&quot;columns_tablet&quot;:&quot;2&quot;,&quot;columns_mobile&quot;:&quot;1&quot;,&quot;edit_handle_selector&quot;:&quot;[data-elementor-type=\\&quot;loop-item\\&quot;]&quot;,&quot;row_gap_laptop&quot;:{&quot;unit&quot;:&quot;px&quot;,&quot;size&quot;:&quot;&quot;,&quot;sizes&quot;:[]},&quot;row_gap_tablet&quot;:{&quot;unit&quot;:&quot;px&quot;,&quot;size&quot;:&quot;&quot;,&quot;sizes&quot;:[]},&quot;row_gap_mobile&quot;:{&quot;unit&quot;:&quot;px&quot;,&quot;size&quot;:&quot;&quot;,&quot;sizes&quot;:[]}}\" data-widget_type=\"loop-grid.post\">\n\t\t\t\t<div class=\"elementor-widget-container\">\n\t\t\t\t\t\t\t<div class=\"elementor-loop-container elementor-grid\" role=\"list\">\n\t\t<style id=\"loop-dynamic-3193\">.e-loop-item-4391 .elementor-element.elementor-element-c5bfed7:not(.elementor-motion-effects-element-type-background), .e-loop-item-4391 .elementor-element.elementor-element-c5bfed7 > .elementor-motion-effects-container > .elementor-motion-effects-layer{background-image:url(\"https:\/\/terramarte.com.co\/wp-content\/uploads\/2025\/09\/image-10.webp\");}<\/style><style id=\"loop-3193\">.elementor-3193 .elementor-element.elementor-element-c5bfed7{--display:flex;--flex-direction:column;--container-widget-width:100%;--container-widget-height:initial;--container-widget-flex-grow:0;--container-widget-align-self:initial;--flex-wrap-mobile:wrap;--justify-content:center;--overlay-opacity:0.3;}.elementor-3193 .elementor-element.elementor-element-c5bfed7:not(.elementor-motion-effects-element-type-background), .elementor-3193 .elementor-element.elementor-element-c5bfed7 > .elementor-motion-effects-container > .elementor-motion-effects-layer{background-position:center center;background-repeat:no-repeat;background-size:cover;}.elementor-3193 .elementor-element.elementor-element-c5bfed7::before, .elementor-3193 .elementor-element.elementor-element-c5bfed7 > .elementor-background-video-container::before, .elementor-3193 .elementor-element.elementor-element-c5bfed7 > .e-con-inner > .elementor-background-video-container::before, .elementor-3193 .elementor-element.elementor-element-c5bfed7 > .elementor-background-slideshow::before, .elementor-3193 .elementor-element.elementor-element-c5bfed7 > .e-con-inner > .elementor-background-slideshow::before, .elementor-3193 .elementor-element.elementor-element-c5bfed7 > .elementor-motion-effects-container > .elementor-motion-effects-layer::before{--background-overlay:'';background-color:#000000;}.elementor-widget-heading .elementor-heading-title{font-family:var( --e-global-typography-primary-font-family ), Sans-serif;font-weight:var( --e-global-typography-primary-font-weight );color:var( --e-global-color-primary );}.elementor-3193 .elementor-element.elementor-element-2606354{text-align:center;z-index:2;}.elementor-3193 .elementor-element.elementor-element-2606354 .elementor-heading-title{font-family:\"aktiv-grotesk\", Sans-serif;font-weight:500;text-transform:uppercase;color:#FFFFFF;}.elementor-3193 .elementor-element.elementor-element-07c6945{--display:flex;--justify-content:flex-end;--padding-top:10px;--padding-bottom:10px;--padding-left:10px;--padding-right:10px;--position:absolute;top:0px;--z-index:9;}.elementor-3193 .elementor-element.elementor-element-07c6945:not(.elementor-motion-effects-element-type-background), .elementor-3193 .elementor-element.elementor-element-07c6945 > .elementor-motion-effects-container > .elementor-motion-effects-layer{background-color:#00000085;}body:not(.rtl) .elementor-3193 .elementor-element.elementor-element-07c6945{left:0px;}body.rtl .elementor-3193 .elementor-element.elementor-element-07c6945{right:0px;}.elementor-widget-text-editor{font-family:var( --e-global-typography-text-font-family ), Sans-serif;font-weight:var( --e-global-typography-text-font-weight );color:var( --e-global-color-text );}.elementor-widget-text-editor.elementor-drop-cap-view-stacked .elementor-drop-cap{background-color:var( --e-global-color-primary );}.elementor-widget-text-editor.elementor-drop-cap-view-framed .elementor-drop-cap, .elementor-widget-text-editor.elementor-drop-cap-view-default .elementor-drop-cap{color:var( --e-global-color-primary );border-color:var( --e-global-color-primary );}.elementor-3193 .elementor-element.elementor-element-ad55eb4{text-align:justify;font-family:\"aktiv-grotesk\", Sans-serif;font-size:14px;font-weight:400;color:#FFFFFF;z-index:10;}.elementor-widget-button .elementor-button{font-family:var( --e-global-typography-accent-font-family ), Sans-serif;font-weight:var( --e-global-typography-accent-font-weight );background-color:var( --e-global-color-accent );}.elementor-3193 .elementor-element.elementor-element-be05262 .elementor-button-content-wrapper{flex-direction:row-reverse;}.elementor-3193 .elementor-element.elementor-element-be05262 .elementor-button{font-family:\"aktiv-grotesk\", Sans-serif;font-size:12px;font-weight:500;text-transform:uppercase;fill:#FFFFFF;color:#FFFFFF;background-color:#61CE7000;padding:0px 0px 0px 0px;}.elementor-3193 .elementor-element.elementor-element-be05262{z-index:10;}\/* Start custom CSS for heading, class: .elementor-element-2606354 *\/.elementor-3193 .elementor-element.elementor-element-2606354 {\n    transition: opacity 0.3s ease;\n}\/* End custom CSS *\/\n\/* Start custom CSS for container, class: .elementor-element-07c6945 *\/.elementor-3193 .elementor-element.elementor-element-07c6945 {\n    aspect-ratio: 1;\n    opacity: 0;\n    transition: opacity 0.3s ease;\n}\n\n.contenedor-externo:hover .contenedor-interno {\n    opacity: 1 !important;\n    backdrop-filter: blur(8px);\n}\n\n.contenedor-externo:hover .titulo-articulo {\n    opacity: 0;\n}\/* End custom CSS *\/\n\/* Start custom CSS for container, class: .elementor-element-c5bfed7 *\/.elementor-3193 .elementor-element.elementor-element-c5bfed7 {\n    aspect-ratio: 1;\n}\/* End custom CSS *\/<\/style>\t\t<div data-elementor-type=\"loop-item\" data-elementor-id=\"3193\" class=\"elementor elementor-3193 e-loop-item e-loop-item-4391 post-4391 post type-post status-publish format-standard has-post-thumbnail hentry category-blog\" data-elementor-post-type=\"elementor_library\" data-custom-edit-handle=\"1\">\n\t\t\t<div class=\"elementor-element elementor-element-c5bfed7 contenedor-externo e-flex e-con-boxed e-con e-parent\" data-id=\"c5bfed7\" data-element_type=\"container\" data-e-type=\"container\" data-settings=\"{&quot;background_background&quot;:&quot;classic&quot;}\">\n\t\t\t\t\t<div class=\"e-con-inner\">\n\t\t\t\t<div class=\"elementor-element elementor-element-2606354 titulo-articulo elementor-widget elementor-widget-heading\" data-id=\"2606354\" data-element_type=\"widget\" data-e-type=\"widget\" data-widget_type=\"heading.default\">\n\t\t\t\t<div class=\"elementor-widget-container\">\n\t\t\t\t\t<h2 class=\"elementor-heading-title elementor-size-default\">Terramarte en el Encuentro+B 2025<\/h2>\t\t\t\t<\/div>\n\t\t\t\t<\/div>\n\t\t<div class=\"elementor-element elementor-element-07c6945 e-con-full contenedor-interno e-flex e-con e-child\" data-id=\"07c6945\" data-element_type=\"container\" data-e-type=\"container\" data-settings=\"{&quot;background_background&quot;:&quot;classic&quot;,&quot;position&quot;:&quot;absolute&quot;}\">\n\t\t\t\t<div class=\"elementor-element elementor-element-ad55eb4 elementor-widget elementor-widget-text-editor\" data-id=\"ad55eb4\" data-element_type=\"widget\" data-e-type=\"widget\" data-widget_type=\"text-editor.default\">\n\t\t\t\t<div class=\"elementor-widget-container\">\n\t\t\t\t\t\t\t\t\tEl Encuentro+B fue uno de los eventos m\u00e1s relevantes del Movimiento B en Am\u00e9rica Latina y el Caribe. Este espacio, reconocido por transformar la realidad desde el mercado, busca generar un impacto colectivo y un compromiso profundo con la sostenibilidad&#8230;.\t\t\t\t\t\t\t\t<\/div>\n\t\t\t\t<\/div>\n\t\t\t\t<div class=\"elementor-element elementor-element-be05262 elementor-widget elementor-widget-button\" data-id=\"be05262\" data-element_type=\"widget\" data-e-type=\"widget\" data-widget_type=\"button.default\">\n\t\t\t\t<div class=\"elementor-widget-container\">\n\t\t\t\t\t\t\t\t\t<div class=\"elementor-button-wrapper\">\n\t\t\t\t\t<a class=\"elementor-button elementor-button-link elementor-size-sm elementor-animation-grow\" href=\"https:\/\/terramarte.com.co\/en\/terramarte-en-el-encuentrob-2025\/\">\n\t\t\t\t\t\t<span class=\"elementor-button-content-wrapper\">\n\t\t\t\t\t\t<span class=\"elementor-button-icon\">\n\t\t\t\t<svg aria-hidden=\"true\" class=\"e-font-icon-svg e-fas-long-arrow-alt-right\" viewBox=\"0 0 448 512\" xmlns=\"http:\/\/www.w3.org\/2000\/svg\"><path d=\"M313.941 216H12c-6.627 0-12 5.373-12 12v56c0 6.627 5.373 12 12 12h301.941v46.059c0 21.382 25.851 32.09 40.971 16.971l86.059-86.059c9.373-9.373 9.373-24.569 0-33.941l-86.059-86.059c-15.119-15.119-40.971-4.411-40.971 16.971V216z\"><\/path><\/svg>\t\t\t<\/span>\n\t\t\t\t\t\t\t\t\t<span class=\"elementor-button-text\">Ver M\u00e1s<\/span>\n\t\t\t\t\t<\/span>\n\t\t\t\t\t<\/a>\n\t\t\t\t<\/div>\n\t\t\t\t\t\t\t\t<\/div>\n\t\t\t\t<\/div>\n\t\t\t\t<\/div>\n\t\t\t\t\t<\/div>\n\t\t\t\t<\/div>\n\t\t\t\t<\/div>\n\t\t<style id=\"loop-dynamic-3193\">.e-loop-item-3633 .elementor-element.elementor-element-c5bfed7:not(.elementor-motion-effects-element-type-background), .e-loop-item-3633 .elementor-element.elementor-element-c5bfed7 > .elementor-motion-effects-container > .elementor-motion-effects-layer{background-image:url(\"https:\/\/terramarte.com.co\/wp-content\/uploads\/2025\/06\/image3-1.jpg\");}<\/style>\t\t<div data-elementor-type=\"loop-item\" data-elementor-id=\"3193\" class=\"elementor elementor-3193 e-loop-item e-loop-item-3633 post-3633 post type-post status-publish format-standard has-post-thumbnail hentry category-blog\" data-elementor-post-type=\"elementor_library\" data-custom-edit-handle=\"1\">\n\t\t\t<div class=\"elementor-element elementor-element-c5bfed7 contenedor-externo e-flex e-con-boxed e-con e-parent\" data-id=\"c5bfed7\" data-element_type=\"container\" data-e-type=\"container\" data-settings=\"{&quot;background_background&quot;:&quot;classic&quot;}\">\n\t\t\t\t\t<div class=\"e-con-inner\">\n\t\t\t\t<div class=\"elementor-element elementor-element-2606354 titulo-articulo elementor-widget elementor-widget-heading\" data-id=\"2606354\" data-element_type=\"widget\" data-e-type=\"widget\" data-widget_type=\"heading.default\">\n\t\t\t\t<div class=\"elementor-widget-container\">\n\t\t\t\t\t<h2 class=\"elementor-heading-title elementor-size-default\">La magia de los abrazos hechos a mano<\/h2>\t\t\t\t<\/div>\n\t\t\t\t<\/div>\n\t\t<div class=\"elementor-element elementor-element-07c6945 e-con-full contenedor-interno e-flex e-con e-child\" data-id=\"07c6945\" data-element_type=\"container\" data-e-type=\"container\" data-settings=\"{&quot;background_background&quot;:&quot;classic&quot;,&quot;position&quot;:&quot;absolute&quot;}\">\n\t\t\t\t<div class=\"elementor-element elementor-element-ad55eb4 elementor-widget elementor-widget-text-editor\" data-id=\"ad55eb4\" data-element_type=\"widget\" data-e-type=\"widget\" data-widget_type=\"text-editor.default\">\n\t\t\t\t<div class=\"elementor-widget-container\">\n\t\t\t\t\t\t\t\t\tConoce c\u00f3mo los retazos de nuestras bolsas cobran nueva vida en Hugger Island, un proyecto que transforma telas en peluches abrazadores llenos de historias, ternura y prop\u00f3sito&#8230;.\t\t\t\t\t\t\t\t<\/div>\n\t\t\t\t<\/div>\n\t\t\t\t<div class=\"elementor-element elementor-element-be05262 elementor-widget elementor-widget-button\" data-id=\"be05262\" data-element_type=\"widget\" data-e-type=\"widget\" data-widget_type=\"button.default\">\n\t\t\t\t<div class=\"elementor-widget-container\">\n\t\t\t\t\t\t\t\t\t<div class=\"elementor-button-wrapper\">\n\t\t\t\t\t<a class=\"elementor-button elementor-button-link elementor-size-sm elementor-animation-grow\" href=\"https:\/\/terramarte.com.co\/en\/la-magia-de-los-abrazos-hechos-a-mano\/\">\n\t\t\t\t\t\t<span class=\"elementor-button-content-wrapper\">\n\t\t\t\t\t\t<span class=\"elementor-button-icon\">\n\t\t\t\t<svg aria-hidden=\"true\" class=\"e-font-icon-svg e-fas-long-arrow-alt-right\" viewBox=\"0 0 448 512\" xmlns=\"http:\/\/www.w3.org\/2000\/svg\"><path d=\"M313.941 216H12c-6.627 0-12 5.373-12 12v56c0 6.627 5.373 12 12 12h301.941v46.059c0 21.382 25.851 32.09 40.971 16.971l86.059-86.059c9.373-9.373 9.373-24.569 0-33.941l-86.059-86.059c-15.119-15.119-40.971-4.411-40.971 16.971V216z\"><\/path><\/svg>\t\t\t<\/span>\n\t\t\t\t\t\t\t\t\t<span class=\"elementor-button-text\">Ver M\u00e1s<\/span>\n\t\t\t\t\t<\/span>\n\t\t\t\t\t<\/a>\n\t\t\t\t<\/div>\n\t\t\t\t\t\t\t\t<\/div>\n\t\t\t\t<\/div>\n\t\t\t\t<\/div>\n\t\t\t\t\t<\/div>\n\t\t\t\t<\/div>\n\t\t\t\t<\/div>\n\t\t\t\t<\/div>\n\t\t\n\t\t\t\t\t\t<\/div>\n\t\t\t\t<\/div>\n\t\t\t\t<\/div>\n\t\t\t\t<\/div>\n\t\t","protected":false},"excerpt":{"rendered":"<p>BLOG En este espacio compartimos novedades, ideas y contenidos relacionados con nuestras ecobolsas, el dise\u00f1o sustentable y el impacto positivo que buscamos generar en el planeta. Te invitamos a descubrir m\u00e1s sobre nuestros procesos, inspirarte con iniciativas verdes y acompa\u00f1arnos en el camino hacia un consumo m\u00e1s consciente. Art\u00edculos y noticias<\/p>","protected":false},"author":1,"featured_media":0,"parent":0,"menu_order":0,"comment_status":"closed","ping_status":"closed","template":"","meta":{"_joinchat":[],"footnotes":""},"class_list":["post-3196","page","type-page","status-publish","hentry"],"_links":{"self":[{"href":"https:\/\/terramarte.com.co\/en\/wp-json\/wp\/v2\/pages\/3196","targetHints":{"allow":["GET"]}}],"collection":[{"href":"https:\/\/terramarte.com.co\/en\/wp-json\/wp\/v2\/pages"}],"about":[{"href":"https:\/\/terramarte.com.co\/en\/wp-json\/wp\/v2\/types\/page"}],"author":[{"embeddable":true,"href":"https:\/\/terramarte.com.co\/en\/wp-json\/wp\/v2\/users\/1"}],"replies":[{"embeddable":true,"href":"https:\/\/terramarte.com.co\/en\/wp-json\/wp\/v2\/comments?post=3196"}],"version-history":[{"count":25,"href":"https:\/\/terramarte.com.co\/en\/wp-json\/wp\/v2\/pages\/3196\/revisions"}],"predecessor-version":[{"id":4085,"href":"https:\/\/terramarte.com.co\/en\/wp-json\/wp\/v2\/pages\/3196\/revisions\/4085"}],"wp:attachment":[{"href":"https:\/\/terramarte.com.co\/en\/wp-json\/wp\/v2\/media?parent=3196"}],"curies":[{"name":"wp","href":"https:\/\/api.w.org\/{rel}","templated":true}]}}