{"id":2029,"date":"2025-03-25T23:14:03","date_gmt":"2025-03-25T23:14:03","guid":{"rendered":"https:\/\/mediumblue-stingray-756587.hostingersite.com\/?page_id=2029"},"modified":"2025-06-18T23:16:34","modified_gmt":"2025-06-18T23:16:34","slug":"casos-de-exito","status":"publish","type":"page","link":"https:\/\/terramarte.com.co\/en\/casos-de-exito\/","title":{"rendered":"Success Cases"},"content":{"rendered":"\t\t<div data-elementor-type=\"wp-page\" data-elementor-id=\"2029\" class=\"elementor elementor-2029\" data-elementor-post-type=\"page\">\n\t\t\t\t<div class=\"elementor-element elementor-element-66f22a9 e-con-full e-flex e-con e-parent\" data-id=\"66f22a9\" data-element_type=\"container\" data-e-type=\"container\">\n\t\t\t\t<div class=\"elementor-element elementor-element-0b3b449 elementor-widget elementor-widget-heading\" data-id=\"0b3b449\" data-element_type=\"widget\" data-e-type=\"widget\" data-widget_type=\"heading.default\">\n\t\t\t\t<div class=\"elementor-widget-container\">\n\t\t\t\t\t<h1 class=\"elementor-heading-title elementor-size-default\">CASOS DE \u00c9XITO<\/h1>\t\t\t\t<\/div>\n\t\t\t\t<\/div>\n\t\t\t\t<\/div>\n\t\t<div class=\"elementor-element elementor-element-efb9473 e-con-full e-flex e-con e-parent\" data-id=\"efb9473\" data-element_type=\"container\" data-e-type=\"container\">\n\t\t\t\t<div class=\"elementor-element elementor-element-8667ed0 elementor-grid-4 elementor-grid-tablet-2 elementor-grid-mobile-1 elementor-widget elementor-widget-loop-grid\" data-id=\"8667ed0\" data-element_type=\"widget\" data-e-type=\"widget\" data-settings=\"{&quot;template_id&quot;:&quot;3297&quot;,&quot;columns&quot;:4,&quot;row_gap&quot;:{&quot;unit&quot;:&quot;px&quot;,&quot;size&quot;:9,&quot;sizes&quot;:[]},&quot;row_gap_mobile&quot;:{&quot;unit&quot;:&quot;px&quot;,&quot;size&quot;:75,&quot;sizes&quot;:[]},&quot;_skin&quot;:&quot;post&quot;,&quot;columns_tablet&quot;:&quot;2&quot;,&quot;columns_mobile&quot;:&quot;1&quot;,&quot;edit_handle_selector&quot;:&quot;[data-elementor-type=\\&quot;loop-item\\&quot;]&quot;,&quot;row_gap_laptop&quot;:{&quot;unit&quot;:&quot;px&quot;,&quot;size&quot;:&quot;&quot;,&quot;sizes&quot;:[]},&quot;row_gap_tablet&quot;:{&quot;unit&quot;:&quot;px&quot;,&quot;size&quot;:&quot;&quot;,&quot;sizes&quot;:[]}}\" data-widget_type=\"loop-grid.post\">\n\t\t\t\t<div class=\"elementor-widget-container\">\n\t\t\t\t\t\t\t<div class=\"elementor-loop-container elementor-grid\" role=\"list\">\n\t\t<style id=\"loop-dynamic-3297\">.e-loop-item-2419 .elementor-element.elementor-element-448c797:not(.elementor-motion-effects-element-type-background), .e-loop-item-2419 .elementor-element.elementor-element-448c797 > .elementor-motion-effects-container > .elementor-motion-effects-layer{background-image:url(\"https:\/\/terramarte.com.co\/wp-content\/uploads\/2025\/04\/casos-exito-2.png\");}<\/style><style id=\"loop-3297\">.elementor-3297 .elementor-element.elementor-element-448c797{--display:flex;--flex-direction:column;--container-widget-width:100%;--container-widget-height:initial;--container-widget-flex-grow:0;--container-widget-align-self:initial;--flex-wrap-mobile:wrap;--justify-content:center;--overlay-opacity:0.2;--padding-top:0px;--padding-bottom:0px;--padding-left:0px;--padding-right:0px;--z-index:1;}.elementor-3297 .elementor-element.elementor-element-448c797:not(.elementor-motion-effects-element-type-background), .elementor-3297 .elementor-element.elementor-element-448c797 > .elementor-motion-effects-container > .elementor-motion-effects-layer{background-position:center center;background-repeat:no-repeat;background-size:cover;}.elementor-3297 .elementor-element.elementor-element-448c797::before, .elementor-3297 .elementor-element.elementor-element-448c797 > .elementor-background-video-container::before, .elementor-3297 .elementor-element.elementor-element-448c797 > .e-con-inner > .elementor-background-video-container::before, .elementor-3297 .elementor-element.elementor-element-448c797 > .elementor-background-slideshow::before, .elementor-3297 .elementor-element.elementor-element-448c797 > .e-con-inner > .elementor-background-slideshow::before, .elementor-3297 .elementor-element.elementor-element-448c797 > .elementor-motion-effects-container > .elementor-motion-effects-layer::before{--background-overlay:'';background-color:#000000;}.elementor-widget-heading .elementor-heading-title{font-family:var( --e-global-typography-primary-font-family ), Sans-serif;font-weight:var( --e-global-typography-primary-font-weight );color:var( --e-global-color-primary );}.elementor-3297 .elementor-element.elementor-element-36096ab{text-align:center;z-index:2;}.elementor-3297 .elementor-element.elementor-element-36096ab .elementor-heading-title{font-family:\"aktiv-grotesk\", Sans-serif;font-weight:500;text-transform:uppercase;color:#FFFFFF;}.elementor-3297 .elementor-element.elementor-element-a1b12da{--display:flex;--justify-content:flex-end;--padding-top:10px;--padding-bottom:10px;--padding-left:10px;--padding-right:10px;--position:absolute;top:0px;--z-index:9;}.elementor-3297 .elementor-element.elementor-element-a1b12da:not(.elementor-motion-effects-element-type-background), .elementor-3297 .elementor-element.elementor-element-a1b12da > .elementor-motion-effects-container > .elementor-motion-effects-layer{background-color:#00000085;}body:not(.rtl) .elementor-3297 .elementor-element.elementor-element-a1b12da{left:0px;}body.rtl .elementor-3297 .elementor-element.elementor-element-a1b12da{right:0px;}.elementor-widget-text-editor{font-family:var( --e-global-typography-text-font-family ), Sans-serif;font-weight:var( --e-global-typography-text-font-weight );color:var( --e-global-color-text );}.elementor-widget-text-editor.elementor-drop-cap-view-stacked .elementor-drop-cap{background-color:var( --e-global-color-primary );}.elementor-widget-text-editor.elementor-drop-cap-view-framed .elementor-drop-cap, .elementor-widget-text-editor.elementor-drop-cap-view-default .elementor-drop-cap{color:var( --e-global-color-primary );border-color:var( --e-global-color-primary );}.elementor-3297 .elementor-element.elementor-element-0f4e773{text-align:justify;font-family:\"aktiv-grotesk\", Sans-serif;font-size:14px;font-weight:400;color:#FFFFFF;z-index:10;}.elementor-widget-button .elementor-button{font-family:var( --e-global-typography-accent-font-family ), Sans-serif;font-weight:var( --e-global-typography-accent-font-weight );background-color:var( --e-global-color-accent );}.elementor-3297 .elementor-element.elementor-element-2b63050 .elementor-button-content-wrapper{flex-direction:row-reverse;}.elementor-3297 .elementor-element.elementor-element-2b63050 .elementor-button{font-family:\"aktiv-grotesk\", Sans-serif;font-size:12px;font-weight:500;text-transform:uppercase;fill:#FFFFFF;color:#FFFFFF;background-color:#61CE7000;padding:0px 0px 0px 0px;}.elementor-3297 .elementor-element.elementor-element-2b63050{z-index:10;}@media(min-width:768px){.elementor-3297 .elementor-element.elementor-element-448c797{--width:100%;}}\/* Start custom CSS for heading, class: .elementor-element-36096ab *\/.elementor-3297 .elementor-element.elementor-element-36096ab {\n    transition: opacity 0.3s ease;\n}\/* End custom CSS *\/\n\/* Start custom CSS for text-editor, class: .elementor-element-0f4e773 *\/.elementor-3297 .elementor-element.elementor-element-0f4e773 {\n    text-align-last: justify;\n}\/* End custom CSS *\/\n\/* Start custom CSS for container, class: .elementor-element-a1b12da *\/.elementor-3297 .elementor-element.elementor-element-a1b12da {\n    aspect-ratio: 1;\n    opacity: 0;\n    transition: opacity 0.3s ease;\n}\n\n.contenedor-externo:hover .contenedor-interno {\n    opacity: 1 !important;\n    backdrop-filter: blur(8px);\n}\n\n.contenedor-externo:hover .titulo-articulo {\n    opacity: 0;\n}\/* End custom CSS *\/\n\/* Start custom CSS for container, class: .elementor-element-448c797 *\/.elementor-3297 .elementor-element.elementor-element-448c797 {\n    aspect-ratio: 1;\n}\/* End custom CSS *\/<\/style>\t\t<div data-elementor-type=\"loop-item\" data-elementor-id=\"3297\" class=\"elementor elementor-3297 e-loop-item e-loop-item-2419 post-2419 post type-post status-publish format-standard has-post-thumbnail hentry category-casos-de-exito\" data-elementor-post-type=\"elementor_library\" data-custom-edit-handle=\"1\">\n\t\t\t<div class=\"elementor-element elementor-element-448c797 e-con-full contenedor-externo e-flex e-con e-child\" data-id=\"448c797\" data-element_type=\"container\" data-e-type=\"container\" data-settings=\"{&quot;background_background&quot;:&quot;classic&quot;}\">\n\t\t\t\t<div class=\"elementor-element elementor-element-36096ab titulo-articulo elementor-widget elementor-widget-heading\" data-id=\"36096ab\" data-element_type=\"widget\" data-e-type=\"widget\" data-widget_type=\"heading.default\">\n\t\t\t\t<div class=\"elementor-widget-container\">\n\t\t\t\t\t<h2 class=\"elementor-heading-title elementor-size-default\">Una alianza que impulsa el cambio: Homecenter y Terramarte<\/h2>\t\t\t\t<\/div>\n\t\t\t\t<\/div>\n\t\t<div class=\"elementor-element elementor-element-a1b12da e-con-full contenedor-interno e-flex e-con e-child\" data-id=\"a1b12da\" data-element_type=\"container\" data-e-type=\"container\" data-settings=\"{&quot;background_background&quot;:&quot;classic&quot;,&quot;position&quot;:&quot;absolute&quot;}\">\n\t\t\t\t<div class=\"elementor-element elementor-element-0f4e773 elementor-widget elementor-widget-text-editor\" data-id=\"0f4e773\" data-element_type=\"widget\" data-e-type=\"widget\" data-widget_type=\"text-editor.default\">\n\t\t\t\t<div class=\"elementor-widget-container\">\n\t\t\t\t\t\t\t\t\tHomecenter se hab\u00eda propuesto eliminar por completo las bolsas pl\u00e1sticas como opci\u00f3n de empaque de sus puntos para el a\u00f1o 2020, \u00a1objetivo que lograron cumplir un a\u00f1o antes! Terramarte se enorgullece de ser un gran aliado para este logro siendo el principal proveedor de empaques reutilizables para esta cadena de almacenes.\t\t\t\t\t\t\t\t<\/div>\n\t\t\t\t<\/div>\n\t\t\t\t<div class=\"elementor-element elementor-element-2b63050 elementor-widget elementor-widget-button\" data-id=\"2b63050\" data-element_type=\"widget\" data-e-type=\"widget\" data-widget_type=\"button.default\">\n\t\t\t\t<div class=\"elementor-widget-container\">\n\t\t\t\t\t\t\t\t\t<div class=\"elementor-button-wrapper\">\n\t\t\t\t\t<a class=\"elementor-button elementor-button-link elementor-size-sm elementor-animation-grow\" href=\"https:\/\/terramarte.com.co\/en\/homecenter\/\">\n\t\t\t\t\t\t<span class=\"elementor-button-content-wrapper\">\n\t\t\t\t\t\t<span class=\"elementor-button-icon\">\n\t\t\t\t<svg aria-hidden=\"true\" class=\"e-font-icon-svg e-fas-long-arrow-alt-right\" viewBox=\"0 0 448 512\" xmlns=\"http:\/\/www.w3.org\/2000\/svg\"><path d=\"M313.941 216H12c-6.627 0-12 5.373-12 12v56c0 6.627 5.373 12 12 12h301.941v46.059c0 21.382 25.851 32.09 40.971 16.971l86.059-86.059c9.373-9.373 9.373-24.569 0-33.941l-86.059-86.059c-15.119-15.119-40.971-4.411-40.971 16.971V216z\"><\/path><\/svg>\t\t\t<\/span>\n\t\t\t\t\t\t\t\t\t<span class=\"elementor-button-text\">Ver M\u00e1s<\/span>\n\t\t\t\t\t<\/span>\n\t\t\t\t\t<\/a>\n\t\t\t\t<\/div>\n\t\t\t\t\t\t\t\t<\/div>\n\t\t\t\t<\/div>\n\t\t\t\t<\/div>\n\t\t\t\t<\/div>\n\t\t\t\t<\/div>\n\t\t<style id=\"loop-dynamic-3297\">.e-loop-item-2414 .elementor-element.elementor-element-448c797:not(.elementor-motion-effects-element-type-background), .e-loop-item-2414 .elementor-element.elementor-element-448c797 > .elementor-motion-effects-container > .elementor-motion-effects-layer{background-image:url(\"https:\/\/terramarte.com.co\/wp-content\/uploads\/2025\/04\/Bolsa-2-1-2.png\");}<\/style>\t\t<div data-elementor-type=\"loop-item\" data-elementor-id=\"3297\" class=\"elementor elementor-3297 e-loop-item e-loop-item-2414 post-2414 post type-post status-publish format-standard has-post-thumbnail hentry category-casos-de-exito\" data-elementor-post-type=\"elementor_library\" data-custom-edit-handle=\"1\">\n\t\t\t<div class=\"elementor-element elementor-element-448c797 e-con-full contenedor-externo e-flex e-con e-child\" data-id=\"448c797\" data-element_type=\"container\" data-e-type=\"container\" data-settings=\"{&quot;background_background&quot;:&quot;classic&quot;}\">\n\t\t\t\t<div class=\"elementor-element elementor-element-36096ab titulo-articulo elementor-widget elementor-widget-heading\" data-id=\"36096ab\" data-element_type=\"widget\" data-e-type=\"widget\" data-widget_type=\"heading.default\">\n\t\t\t\t<div class=\"elementor-widget-container\">\n\t\t\t\t\t<h2 class=\"elementor-heading-title elementor-size-default\">terramarte &#038; constructora bol\u00edvar<\/h2>\t\t\t\t<\/div>\n\t\t\t\t<\/div>\n\t\t<div class=\"elementor-element elementor-element-a1b12da e-con-full contenedor-interno e-flex e-con e-child\" data-id=\"a1b12da\" data-element_type=\"container\" data-e-type=\"container\" data-settings=\"{&quot;background_background&quot;:&quot;classic&quot;,&quot;position&quot;:&quot;absolute&quot;}\">\n\t\t\t\t<div class=\"elementor-element elementor-element-0f4e773 elementor-widget elementor-widget-text-editor\" data-id=\"0f4e773\" data-element_type=\"widget\" data-e-type=\"widget\" data-widget_type=\"text-editor.default\">\n\t\t\t\t<div class=\"elementor-widget-container\">\n\t\t\t\t\t\t\t\t\tEn colaboraci\u00f3n con Constructora Bol\u00edvar, nos embarcamos en un proyecto innovador y sostenible que no solo recuper\u00f3 valiosos recursos, sino que tambi\u00e9n ofreci\u00f3 una segunda vida a sus vallas publicitarias.\t\t\t\t\t\t\t\t<\/div>\n\t\t\t\t<\/div>\n\t\t\t\t<div class=\"elementor-element elementor-element-2b63050 elementor-widget elementor-widget-button\" data-id=\"2b63050\" data-element_type=\"widget\" data-e-type=\"widget\" data-widget_type=\"button.default\">\n\t\t\t\t<div class=\"elementor-widget-container\">\n\t\t\t\t\t\t\t\t\t<div class=\"elementor-button-wrapper\">\n\t\t\t\t\t<a class=\"elementor-button elementor-button-link elementor-size-sm elementor-animation-grow\" href=\"https:\/\/terramarte.com.co\/en\/constructora-bolivar-creatividad-a-traves-de-bolsas-reutilizables\/\">\n\t\t\t\t\t\t<span class=\"elementor-button-content-wrapper\">\n\t\t\t\t\t\t<span class=\"elementor-button-icon\">\n\t\t\t\t<svg aria-hidden=\"true\" class=\"e-font-icon-svg e-fas-long-arrow-alt-right\" viewBox=\"0 0 448 512\" xmlns=\"http:\/\/www.w3.org\/2000\/svg\"><path d=\"M313.941 216H12c-6.627 0-12 5.373-12 12v56c0 6.627 5.373 12 12 12h301.941v46.059c0 21.382 25.851 32.09 40.971 16.971l86.059-86.059c9.373-9.373 9.373-24.569 0-33.941l-86.059-86.059c-15.119-15.119-40.971-4.411-40.971 16.971V216z\"><\/path><\/svg>\t\t\t<\/span>\n\t\t\t\t\t\t\t\t\t<span class=\"elementor-button-text\">Ver M\u00e1s<\/span>\n\t\t\t\t\t<\/span>\n\t\t\t\t\t<\/a>\n\t\t\t\t<\/div>\n\t\t\t\t\t\t\t\t<\/div>\n\t\t\t\t<\/div>\n\t\t\t\t<\/div>\n\t\t\t\t<\/div>\n\t\t\t\t<\/div>\n\t\t<style id=\"loop-dynamic-3297\">.e-loop-item-2411 .elementor-element.elementor-element-448c797:not(.elementor-motion-effects-element-type-background), .e-loop-item-2411 .elementor-element.elementor-element-448c797 > .elementor-motion-effects-container > .elementor-motion-effects-layer{background-image:url(\"https:\/\/terramarte.com.co\/wp-content\/uploads\/2025\/04\/CEROKER-2.png\");}<\/style>\t\t<div data-elementor-type=\"loop-item\" data-elementor-id=\"3297\" class=\"elementor elementor-3297 e-loop-item e-loop-item-2411 post-2411 post type-post status-publish format-standard has-post-thumbnail hentry category-casos-de-exito\" data-elementor-post-type=\"elementor_library\" data-custom-edit-handle=\"1\">\n\t\t\t<div class=\"elementor-element elementor-element-448c797 e-con-full contenedor-externo e-flex e-con e-child\" data-id=\"448c797\" data-element_type=\"container\" data-e-type=\"container\" data-settings=\"{&quot;background_background&quot;:&quot;classic&quot;}\">\n\t\t\t\t<div class=\"elementor-element elementor-element-36096ab titulo-articulo elementor-widget elementor-widget-heading\" data-id=\"36096ab\" data-element_type=\"widget\" data-e-type=\"widget\" data-widget_type=\"heading.default\">\n\t\t\t\t<div class=\"elementor-widget-container\">\n\t\t\t\t\t<h2 class=\"elementor-heading-title elementor-size-default\">M\u00e1s Vida, Menos Pl\u00e1stico: Tecnolog\u00eda, arte y sostenibilidad<\/h2>\t\t\t\t<\/div>\n\t\t\t\t<\/div>\n\t\t<div class=\"elementor-element elementor-element-a1b12da e-con-full contenedor-interno e-flex e-con e-child\" data-id=\"a1b12da\" data-element_type=\"container\" data-e-type=\"container\" data-settings=\"{&quot;background_background&quot;:&quot;classic&quot;,&quot;position&quot;:&quot;absolute&quot;}\">\n\t\t\t\t<div class=\"elementor-element elementor-element-0f4e773 elementor-widget elementor-widget-text-editor\" data-id=\"0f4e773\" data-element_type=\"widget\" data-e-type=\"widget\" data-widget_type=\"text-editor.default\">\n\t\t\t\t<div class=\"elementor-widget-container\">\n\t\t\t\t\t\t\t\t\tIntel decidi\u00f3 unirse a la empresa colombiana Terramarte y el artista urbano Ceroker para la creaci\u00f3n del proyecto denominado +Vida \u2013Pl\u00e1stico, enfocado en el dise\u00f1o con base tecnol\u00f3gica, de empaques ecol\u00f3gicos y reutilizables. Este busca reducir el consumo de pl\u00e1sticos de un solo uso.\t\t\t\t\t\t\t\t<\/div>\n\t\t\t\t<\/div>\n\t\t\t\t<div class=\"elementor-element elementor-element-2b63050 elementor-widget elementor-widget-button\" data-id=\"2b63050\" data-element_type=\"widget\" data-e-type=\"widget\" data-widget_type=\"button.default\">\n\t\t\t\t<div class=\"elementor-widget-container\">\n\t\t\t\t\t\t\t\t\t<div class=\"elementor-button-wrapper\">\n\t\t\t\t\t<a class=\"elementor-button elementor-button-link elementor-size-sm elementor-animation-grow\" href=\"https:\/\/terramarte.com.co\/en\/intel-vida-plastico\/\">\n\t\t\t\t\t\t<span class=\"elementor-button-content-wrapper\">\n\t\t\t\t\t\t<span class=\"elementor-button-icon\">\n\t\t\t\t<svg aria-hidden=\"true\" class=\"e-font-icon-svg e-fas-long-arrow-alt-right\" viewBox=\"0 0 448 512\" xmlns=\"http:\/\/www.w3.org\/2000\/svg\"><path d=\"M313.941 216H12c-6.627 0-12 5.373-12 12v56c0 6.627 5.373 12 12 12h301.941v46.059c0 21.382 25.851 32.09 40.971 16.971l86.059-86.059c9.373-9.373 9.373-24.569 0-33.941l-86.059-86.059c-15.119-15.119-40.971-4.411-40.971 16.971V216z\"><\/path><\/svg>\t\t\t<\/span>\n\t\t\t\t\t\t\t\t\t<span class=\"elementor-button-text\">Ver M\u00e1s<\/span>\n\t\t\t\t\t<\/span>\n\t\t\t\t\t<\/a>\n\t\t\t\t<\/div>\n\t\t\t\t\t\t\t\t<\/div>\n\t\t\t\t<\/div>\n\t\t\t\t<\/div>\n\t\t\t\t<\/div>\n\t\t\t\t<\/div>\n\t\t<style id=\"loop-dynamic-3297\">.e-loop-item-2397 .elementor-element.elementor-element-448c797:not(.elementor-motion-effects-element-type-background), .e-loop-item-2397 .elementor-element.elementor-element-448c797 > .elementor-motion-effects-container > .elementor-motion-effects-layer{background-image:url(\"https:\/\/terramarte.com.co\/wp-content\/uploads\/2025\/04\/casos-exito-1-1.png\");}<\/style>\t\t<div data-elementor-type=\"loop-item\" data-elementor-id=\"3297\" class=\"elementor elementor-3297 e-loop-item e-loop-item-2397 post-2397 post type-post status-publish format-standard has-post-thumbnail hentry category-casos-de-exito\" data-elementor-post-type=\"elementor_library\" data-custom-edit-handle=\"1\">\n\t\t\t<div class=\"elementor-element elementor-element-448c797 e-con-full contenedor-externo e-flex e-con e-child\" data-id=\"448c797\" data-element_type=\"container\" data-e-type=\"container\" data-settings=\"{&quot;background_background&quot;:&quot;classic&quot;}\">\n\t\t\t\t<div class=\"elementor-element elementor-element-36096ab titulo-articulo elementor-widget elementor-widget-heading\" data-id=\"36096ab\" data-element_type=\"widget\" data-e-type=\"widget\" data-widget_type=\"heading.default\">\n\t\t\t\t<div class=\"elementor-widget-container\">\n\t\t\t\t\t<h2 class=\"elementor-heading-title elementor-size-default\">Terramarte &#038; Ecopetrol<\/h2>\t\t\t\t<\/div>\n\t\t\t\t<\/div>\n\t\t<div class=\"elementor-element elementor-element-a1b12da e-con-full contenedor-interno e-flex e-con e-child\" data-id=\"a1b12da\" data-element_type=\"container\" data-e-type=\"container\" data-settings=\"{&quot;background_background&quot;:&quot;classic&quot;,&quot;position&quot;:&quot;absolute&quot;}\">\n\t\t\t\t<div class=\"elementor-element elementor-element-0f4e773 elementor-widget elementor-widget-text-editor\" data-id=\"0f4e773\" data-element_type=\"widget\" data-e-type=\"widget\" data-widget_type=\"text-editor.default\">\n\t\t\t\t<div class=\"elementor-widget-container\">\n\t\t\t\t\t\t\t\t\t\u00bfPuede una empresa transformar su publicidad en una bolsa ecol\u00f3gica? \u00bfSe puede reutilizar la publicidad impresa? S\u00ed, esto es posible. En el siguiente caso de \u00e9xito conocer\u00e1s m\u00e1s acerca del tema.\t\t\t\t\t\t\t\t<\/div>\n\t\t\t\t<\/div>\n\t\t\t\t<div class=\"elementor-element elementor-element-2b63050 elementor-widget elementor-widget-button\" data-id=\"2b63050\" data-element_type=\"widget\" data-e-type=\"widget\" data-widget_type=\"button.default\">\n\t\t\t\t<div class=\"elementor-widget-container\">\n\t\t\t\t\t\t\t\t\t<div class=\"elementor-button-wrapper\">\n\t\t\t\t\t<a class=\"elementor-button elementor-button-link elementor-size-sm elementor-animation-grow\" href=\"https:\/\/terramarte.com.co\/en\/banners-publicitarios-se-transforman-en-eco-bolsas\/\">\n\t\t\t\t\t\t<span class=\"elementor-button-content-wrapper\">\n\t\t\t\t\t\t<span class=\"elementor-button-icon\">\n\t\t\t\t<svg aria-hidden=\"true\" class=\"e-font-icon-svg e-fas-long-arrow-alt-right\" viewBox=\"0 0 448 512\" xmlns=\"http:\/\/www.w3.org\/2000\/svg\"><path d=\"M313.941 216H12c-6.627 0-12 5.373-12 12v56c0 6.627 5.373 12 12 12h301.941v46.059c0 21.382 25.851 32.09 40.971 16.971l86.059-86.059c9.373-9.373 9.373-24.569 0-33.941l-86.059-86.059c-15.119-15.119-40.971-4.411-40.971 16.971V216z\"><\/path><\/svg>\t\t\t<\/span>\n\t\t\t\t\t\t\t\t\t<span class=\"elementor-button-text\">Ver M\u00e1s<\/span>\n\t\t\t\t\t<\/span>\n\t\t\t\t\t<\/a>\n\t\t\t\t<\/div>\n\t\t\t\t\t\t\t\t<\/div>\n\t\t\t\t<\/div>\n\t\t\t\t<\/div>\n\t\t\t\t<\/div>\n\t\t\t\t<\/div>\n\t\t\t\t<\/div>\n\t\t\n\t\t\t\t\t\t<\/div>\n\t\t\t\t<\/div>\n\t\t\t\t<\/div>\n\t\t\t\t<\/div>\n\t\t","protected":false},"excerpt":{"rendered":"<p>SUCCESS CASES<\/p>","protected":false},"author":1,"featured_media":0,"parent":0,"menu_order":0,"comment_status":"closed","ping_status":"closed","template":"","meta":{"_joinchat":[],"footnotes":""},"class_list":["post-2029","page","type-page","status-publish","hentry"],"_links":{"self":[{"href":"https:\/\/terramarte.com.co\/en\/wp-json\/wp\/v2\/pages\/2029","targetHints":{"allow":["GET"]}}],"collection":[{"href":"https:\/\/terramarte.com.co\/en\/wp-json\/wp\/v2\/pages"}],"about":[{"href":"https:\/\/terramarte.com.co\/en\/wp-json\/wp\/v2\/types\/page"}],"author":[{"embeddable":true,"href":"https:\/\/terramarte.com.co\/en\/wp-json\/wp\/v2\/users\/1"}],"replies":[{"embeddable":true,"href":"https:\/\/terramarte.com.co\/en\/wp-json\/wp\/v2\/comments?post=2029"}],"version-history":[{"count":61,"href":"https:\/\/terramarte.com.co\/en\/wp-json\/wp\/v2\/pages\/2029\/revisions"}],"predecessor-version":[{"id":4125,"href":"https:\/\/terramarte.com.co\/en\/wp-json\/wp\/v2\/pages\/2029\/revisions\/4125"}],"wp:attachment":[{"href":"https:\/\/terramarte.com.co\/en\/wp-json\/wp\/v2\/media?parent=2029"}],"curies":[{"name":"wp","href":"https:\/\/api.w.org\/{rel}","templated":true}]}}