{"id":1945,"date":"2025-03-21T03:30:51","date_gmt":"2025-03-21T03:30:51","guid":{"rendered":"https:\/\/mediumblue-stingray-756587.hostingersite.com\/?page_id=1945"},"modified":"2026-01-22T17:00:20","modified_gmt":"2026-01-22T17:00:20","slug":"catalogo","status":"publish","type":"page","link":"https:\/\/terramarte.com.co\/en\/catalogo\/","title":{"rendered":"Cat\u00e1logo"},"content":{"rendered":"\t\t<div data-elementor-type=\"wp-page\" data-elementor-id=\"1945\" class=\"elementor elementor-1945\" data-elementor-post-type=\"page\">\n\t\t\t\t<div class=\"elementor-element elementor-element-b64430f e-con-full e-flex e-con e-parent\" data-id=\"b64430f\" data-element_type=\"container\" data-e-type=\"container\">\n\t\t<div class=\"elementor-element elementor-element-3751b42 e-con-full e-flex e-con e-child\" data-id=\"3751b42\" data-element_type=\"container\" data-e-type=\"container\">\n\t\t\t\t<div class=\"elementor-element elementor-element-be97136 animated-slow elementor-invisible elementor-widget elementor-widget-heading\" data-id=\"be97136\" data-element_type=\"widget\" data-e-type=\"widget\" id=\"texto-con-blur\" data-settings=\"{&quot;_animation&quot;:&quot;fadeIn&quot;,&quot;_animation_delay&quot;:150}\" data-widget_type=\"heading.default\">\n\t\t\t\t<div class=\"elementor-widget-container\">\n\t\t\t\t\t<p class=\"elementor-heading-title elementor-size-default\">Conoce<\/p>\t\t\t\t<\/div>\n\t\t\t\t<\/div>\n\t\t\t\t<div class=\"elementor-element elementor-element-8956fc5 animated-slow elementor-invisible elementor-widget elementor-widget-heading\" data-id=\"8956fc5\" data-element_type=\"widget\" data-e-type=\"widget\" data-settings=\"{&quot;_animation&quot;:&quot;fadeIn&quot;,&quot;_animation_delay&quot;:600}\" data-widget_type=\"heading.default\">\n\t\t\t\t<div class=\"elementor-widget-container\">\n\t\t\t\t\t<p class=\"elementor-heading-title elementor-size-default\">Nuestros<\/p>\t\t\t\t<\/div>\n\t\t\t\t<\/div>\n\t\t\t\t<div class=\"elementor-element elementor-element-d5d6f7f elementor-widget__width-auto animated-slow elementor-invisible elementor-widget elementor-widget-heading\" data-id=\"d5d6f7f\" data-element_type=\"widget\" data-e-type=\"widget\" data-settings=\"{&quot;_animation&quot;:&quot;fadeIn&quot;,&quot;_animation_delay&quot;:900}\" data-widget_type=\"heading.default\">\n\t\t\t\t<div class=\"elementor-widget-container\">\n\t\t\t\t\t<p class=\"elementor-heading-title elementor-size-default\">Productos<\/p>\t\t\t\t<\/div>\n\t\t\t\t<\/div>\n\t\t\t\t<div class=\"elementor-element elementor-element-af5baed elementor-widget elementor-widget-html\" data-id=\"af5baed\" data-element_type=\"widget\" data-e-type=\"widget\" data-widget_type=\"html.default\">\n\t\t\t\t<div class=\"elementor-widget-container\">\n\t\t\t\t\t<script>\n    document.addEventListener('DOMContentLoaded', function() {\n  setTimeout(function() {\n    document.getElementById('texto-con-blur').classList.add('blur');\n  }, 3000); \/\/ 3000ms = 3 segundos (aj\u00fastalo seg\u00fan necesites)\n});\n<\/script>\t\t\t\t<\/div>\n\t\t\t\t<\/div>\n\t\t\t\t<\/div>\n\t\t\t\t<\/div>\n\t\t<div class=\"elementor-element elementor-element-7fc7036 e-con-full e-flex e-con e-parent\" data-id=\"7fc7036\" data-element_type=\"container\" data-e-type=\"container\">\n\t\t\t\t<div class=\"elementor-element elementor-element-250761a elementor-widget elementor-widget-heading\" data-id=\"250761a\" data-element_type=\"widget\" data-e-type=\"widget\" data-widget_type=\"heading.default\">\n\t\t\t\t<div class=\"elementor-widget-container\">\n\t\t\t\t\t<p class=\"elementor-heading-title elementor-size-default\">Fabricamos<\/p>\t\t\t\t<\/div>\n\t\t\t\t<\/div>\n\t\t\t\t<div class=\"elementor-element elementor-element-6432d33 elementor-widget elementor-widget-heading\" data-id=\"6432d33\" data-element_type=\"widget\" data-e-type=\"widget\" data-widget_type=\"heading.default\">\n\t\t\t\t<div class=\"elementor-widget-container\">\n\t\t\t\t\t<p class=\"elementor-heading-title elementor-size-default\">con conciencia<\/p>\t\t\t\t<\/div>\n\t\t\t\t<\/div>\n\t\t\t\t<\/div>\n\t\t<div class=\"elementor-element elementor-element-da361f0 e-con-full e-flex e-con e-parent\" data-id=\"da361f0\" data-element_type=\"container\" data-e-type=\"container\">\n\t\t<div class=\"elementor-element elementor-element-9b2f102 e-con-full e-flex e-con e-child\" data-id=\"9b2f102\" data-element_type=\"container\" data-e-type=\"container\">\n\t\t\t\t<div class=\"elementor-element elementor-element-e52efdd elementor-widget__width-initial elementor-widget elementor-widget-text-editor\" data-id=\"e52efdd\" data-element_type=\"widget\" data-e-type=\"widget\" data-widget_type=\"text-editor.default\">\n\t\t\t\t<div class=\"elementor-widget-container\">\n\t\t\t\t\t\t\t\t\t<p>Nuestro compromiso va m\u00e1s all\u00e1 del simple discurso ecol\u00f3gico; trabajamos arduamente para ofrecer soluciones reales que cambien positivamente nuestros h\u00e1bitos, minimicen el impacto en el planeta y respeten el equilibrio natural con todos los seres vivos.<\/p>\t\t\t\t\t\t\t\t<\/div>\n\t\t\t\t<\/div>\n\t\t\t\t<div class=\"elementor-element elementor-element-43f3ca0 elementor-widget elementor-widget-image\" data-id=\"43f3ca0\" data-element_type=\"widget\" data-e-type=\"widget\" data-widget_type=\"image.default\">\n\t\t\t\t<div class=\"elementor-widget-container\">\n\t\t\t\t\t\t\t\t\t\t\t\t\t\t\t<img fetchpriority=\"high\" decoding=\"async\" width=\"683\" height=\"1024\" src=\"https:\/\/terramarte.com.co\/wp-content\/uploads\/2025\/03\/Bolsa-eco-9-modelo.png\" class=\"attachment-full size-full wp-image-1961\" alt=\"\" srcset=\"https:\/\/terramarte.com.co\/wp-content\/uploads\/2025\/03\/Bolsa-eco-9-modelo.png 683w, https:\/\/terramarte.com.co\/wp-content\/uploads\/2025\/03\/Bolsa-eco-9-modelo-200x300.png 200w, https:\/\/terramarte.com.co\/wp-content\/uploads\/2025\/03\/Bolsa-eco-9-modelo-600x900.png 600w\" sizes=\"(max-width: 683px) 100vw, 683px\" \/>\t\t\t\t\t\t\t\t\t\t\t\t\t\t\t<\/div>\n\t\t\t\t<\/div>\n\t\t\t\t<\/div>\n\t\t<div class=\"elementor-element elementor-element-3fe098f e-con-full e-flex e-con e-child\" data-id=\"3fe098f\" data-element_type=\"container\" data-e-type=\"container\">\n\t\t\t\t<div class=\"elementor-element elementor-element-c607c42 elementor-widget elementor-widget-image\" data-id=\"c607c42\" data-element_type=\"widget\" data-e-type=\"widget\" data-widget_type=\"image.default\">\n\t\t\t\t<div class=\"elementor-widget-container\">\n\t\t\t\t\t\t\t\t\t\t\t\t\t\t\t<img decoding=\"async\" width=\"800\" height=\"844\" src=\"https:\/\/terramarte.com.co\/wp-content\/uploads\/2025\/03\/Imagen-inicio-971x1024.png\" class=\"attachment-large size-large wp-image-1966\" alt=\"\" srcset=\"https:\/\/terramarte.com.co\/wp-content\/uploads\/2025\/03\/Imagen-inicio-971x1024.png 971w, https:\/\/terramarte.com.co\/wp-content\/uploads\/2025\/03\/Imagen-inicio-284x300.png 284w, https:\/\/terramarte.com.co\/wp-content\/uploads\/2025\/03\/Imagen-inicio-768x810.png 768w, https:\/\/terramarte.com.co\/wp-content\/uploads\/2025\/03\/Imagen-inicio-600x633.png 600w, https:\/\/terramarte.com.co\/wp-content\/uploads\/2025\/03\/Imagen-inicio.png 1365w\" sizes=\"(max-width: 800px) 100vw, 800px\" \/>\t\t\t\t\t\t\t\t\t\t\t\t\t\t\t<\/div>\n\t\t\t\t<\/div>\n\t\t\t\t<\/div>\n\t\t<div class=\"elementor-element elementor-element-54e654e e-con-full e-flex e-con e-child\" data-id=\"54e654e\" data-element_type=\"container\" data-e-type=\"container\">\n\t\t\t\t<div class=\"elementor-element elementor-element-2f349b9 elementor-widget__width-initial elementor-widget elementor-widget-text-editor\" data-id=\"2f349b9\" data-element_type=\"widget\" data-e-type=\"widget\" data-widget_type=\"text-editor.default\">\n\t\t\t\t<div class=\"elementor-widget-container\">\n\t\t\t\t\t\t\t\t\t<p>En Terramarte, creemos firmemente en la importancia de cuidar nuestro planeta y trabajar hacia un futuro m\u00e1s sostenible.<\/p>\t\t\t\t\t\t\t\t<\/div>\n\t\t\t\t<\/div>\n\t\t\t\t<\/div>\n\t\t\t\t<\/div>\n\t\t<div class=\"elementor-element elementor-element-379664d e-con-full e-flex e-con e-parent\" data-id=\"379664d\" data-element_type=\"container\" data-e-type=\"container\">\n\t\t\t\t<div class=\"elementor-element elementor-element-9d08f4e elementor-widget elementor-widget-heading\" data-id=\"9d08f4e\" data-element_type=\"widget\" data-e-type=\"widget\" data-widget_type=\"heading.default\">\n\t\t\t\t<div class=\"elementor-widget-container\">\n\t\t\t\t\t<p class=\"elementor-heading-title elementor-size-default\">Armon\u00eda con la naturaleza<\/p>\t\t\t\t<\/div>\n\t\t\t\t<\/div>\n\t\t<div class=\"elementor-element elementor-element-0fa6468 e-con-full e-flex e-con e-child\" data-id=\"0fa6468\" data-element_type=\"container\" data-e-type=\"container\">\n\t\t<div class=\"elementor-element elementor-element-0235d15 e-con-full e-flex e-con e-child\" data-id=\"0235d15\" data-element_type=\"container\" data-e-type=\"container\">\n\t\t<div class=\"elementor-element elementor-element-872a119 e-con-full e-flex e-con e-child\" data-id=\"872a119\" data-element_type=\"container\" data-e-type=\"container\">\n\t\t\t\t<div class=\"elementor-element elementor-element-eb63cd1 elementor-widget elementor-widget-image\" data-id=\"eb63cd1\" data-element_type=\"widget\" data-e-type=\"widget\" data-widget_type=\"image.default\">\n\t\t\t\t<div class=\"elementor-widget-container\">\n\t\t\t\t\t\t\t\t\t\t\t\t\t\t\t<img decoding=\"async\" width=\"683\" height=\"1024\" src=\"https:\/\/terramarte.com.co\/wp-content\/uploads\/2025\/01\/Bolsa-eco-6-modelo.webp\" class=\"attachment-large size-large wp-image-618\" alt=\"\" srcset=\"https:\/\/terramarte.com.co\/wp-content\/uploads\/2025\/01\/Bolsa-eco-6-modelo.webp 683w, https:\/\/terramarte.com.co\/wp-content\/uploads\/2025\/01\/Bolsa-eco-6-modelo-600x900.webp 600w, https:\/\/terramarte.com.co\/wp-content\/uploads\/2025\/01\/Bolsa-eco-6-modelo-200x300.webp 200w\" sizes=\"(max-width: 683px) 100vw, 683px\" \/>\t\t\t\t\t\t\t\t\t\t\t\t\t\t\t<\/div>\n\t\t\t\t<\/div>\n\t\t\t\t<div class=\"elementor-element elementor-element-a918d36 elementor-widget__width-initial elementor-widget elementor-widget-text-editor\" data-id=\"a918d36\" data-element_type=\"widget\" data-e-type=\"widget\" data-widget_type=\"text-editor.default\">\n\t\t\t\t<div class=\"elementor-widget-container\">\n\t\t\t\t\t\t\t\t\t<p>Respetando el equilibrio natural con todas las formas de vida.<\/p>\t\t\t\t\t\t\t\t<\/div>\n\t\t\t\t<\/div>\n\t\t\t\t<\/div>\n\t\t\t\t<\/div>\n\t\t<div class=\"elementor-element elementor-element-0d91935 e-con-full e-flex e-con e-child\" data-id=\"0d91935\" data-element_type=\"container\" data-e-type=\"container\">\n\t\t\t\t<div class=\"elementor-element elementor-element-5ceea57 elementor-widget elementor-widget-image\" data-id=\"5ceea57\" data-element_type=\"widget\" data-e-type=\"widget\" data-settings=\"{&quot;motion_fx_motion_fx_scrolling&quot;:&quot;yes&quot;,&quot;motion_fx_translateY_effect&quot;:&quot;yes&quot;,&quot;motion_fx_blur_effect&quot;:&quot;yes&quot;,&quot;motion_fx_blur_level&quot;:{&quot;unit&quot;:&quot;px&quot;,&quot;size&quot;:4,&quot;sizes&quot;:[]},&quot;motion_fx_blur_range&quot;:{&quot;unit&quot;:&quot;%&quot;,&quot;size&quot;:&quot;&quot;,&quot;sizes&quot;:{&quot;start&quot;:0,&quot;end&quot;:64}},&quot;motion_fx_translateY_speed&quot;:{&quot;unit&quot;:&quot;px&quot;,&quot;size&quot;:4,&quot;sizes&quot;:[]},&quot;motion_fx_translateY_affectedRange&quot;:{&quot;unit&quot;:&quot;%&quot;,&quot;size&quot;:&quot;&quot;,&quot;sizes&quot;:{&quot;start&quot;:0,&quot;end&quot;:100}},&quot;motion_fx_blur_direction&quot;:&quot;out-in&quot;,&quot;motion_fx_devices&quot;:[&quot;desktop&quot;,&quot;laptop&quot;,&quot;tablet&quot;,&quot;mobile&quot;]}\" data-widget_type=\"image.default\">\n\t\t\t\t<div class=\"elementor-widget-container\">\n\t\t\t\t\t\t\t\t\t\t\t\t\t\t\t<img loading=\"lazy\" decoding=\"async\" width=\"800\" height=\"1000\" src=\"https:\/\/terramarte.com.co\/wp-content\/uploads\/2025\/03\/34361-819x1024.webp\" class=\"attachment-large size-large wp-image-1967\" alt=\"\" srcset=\"https:\/\/terramarte.com.co\/wp-content\/uploads\/2025\/03\/34361-819x1024.webp 819w, https:\/\/terramarte.com.co\/wp-content\/uploads\/2025\/03\/34361-240x300.webp 240w, https:\/\/terramarte.com.co\/wp-content\/uploads\/2025\/03\/34361-768x960.webp 768w, https:\/\/terramarte.com.co\/wp-content\/uploads\/2025\/03\/34361-1229x1536.webp 1229w, https:\/\/terramarte.com.co\/wp-content\/uploads\/2025\/03\/34361-600x750.webp 600w, https:\/\/terramarte.com.co\/wp-content\/uploads\/2025\/03\/34361.webp 1600w\" sizes=\"(max-width: 800px) 100vw, 800px\" \/>\t\t\t\t\t\t\t\t\t\t\t\t\t\t\t<\/div>\n\t\t\t\t<\/div>\n\t\t\t\t<\/div>\n\t\t\t\t<\/div>\n\t\t\t\t<\/div>\n\t\t<div class=\"elementor-element elementor-element-db25987 e-con-full e-flex e-con e-parent\" data-id=\"db25987\" data-element_type=\"container\" data-e-type=\"container\" data-settings=\"{&quot;background_background&quot;:&quot;classic&quot;,&quot;animation&quot;:&quot;none&quot;}\">\n\t\t\t\t<div class=\"elementor-element elementor-element-3b07120 elementor-invisible elementor-widget elementor-widget-heading\" data-id=\"3b07120\" data-element_type=\"widget\" data-e-type=\"widget\" data-settings=\"{&quot;_animation&quot;:&quot;fadeIn&quot;,&quot;_animation_delay&quot;:500}\" data-widget_type=\"heading.default\">\n\t\t\t\t<div class=\"elementor-widget-container\">\n\t\t\t\t\t<p class=\"elementor-heading-title elementor-size-default\">Impulsando econom\u00edas locales<\/p>\t\t\t\t<\/div>\n\t\t\t\t<\/div>\n\t\t\t\t<\/div>\n\t\t<div class=\"elementor-element elementor-element-8031666 e-con-full e-flex e-con e-parent\" data-id=\"8031666\" data-element_type=\"container\" data-e-type=\"container\">\n\t\t<div class=\"elementor-element elementor-element-6f85980 e-con-full e-flex e-con e-child\" data-id=\"6f85980\" data-element_type=\"container\" data-e-type=\"container\">\n\t\t\t\t<div class=\"elementor-element elementor-element-06359cf elementor-view-default elementor-widget elementor-widget-icon\" data-id=\"06359cf\" data-element_type=\"widget\" data-e-type=\"widget\" data-widget_type=\"icon.default\">\n\t\t\t\t<div class=\"elementor-widget-container\">\n\t\t\t\t\t\t\t<div class=\"elementor-icon-wrapper\">\n\t\t\t<div class=\"elementor-icon\">\n\t\t\t<svg aria-hidden=\"true\" class=\"e-font-icon-svg e-fas-recycle\" viewBox=\"0 0 512 512\" xmlns=\"http:\/\/www.w3.org\/2000\/svg\"><path d=\"M184.561 261.903c3.232 13.997-12.123 24.635-24.068 17.168l-40.736-25.455-50.867 81.402C55.606 356.273 70.96 384 96.012 384H148c6.627 0 12 5.373 12 12v40c0 6.627-5.373 12-12 12H96.115c-75.334 0-121.302-83.048-81.408-146.88l50.822-81.388-40.725-25.448c-12.081-7.547-8.966-25.961 4.879-29.158l110.237-25.45c8.611-1.988 17.201 3.381 19.189 11.99l25.452 110.237zm98.561-182.915l41.289 66.076-40.74 25.457c-12.051 7.528-9 25.953 4.879 29.158l110.237 25.45c8.672 1.999 17.215-3.438 19.189-11.99l25.45-110.237c3.197-13.844-11.99-24.719-24.068-17.168l-40.687 25.424-41.263-66.082c-37.521-60.033-125.209-60.171-162.816 0l-17.963 28.766c-3.51 5.62-1.8 13.021 3.82 16.533l33.919 21.195c5.62 3.512 13.024 1.803 16.536-3.817l17.961-28.743c12.712-20.341 41.973-19.676 54.257-.022zM497.288 301.12l-27.515-44.065c-3.511-5.623-10.916-7.334-16.538-3.821l-33.861 21.159c-5.62 3.512-7.33 10.915-3.818 16.536l27.564 44.112c13.257 21.211-2.057 48.96-27.136 48.96H320V336.02c0-14.213-17.242-21.383-27.313-11.313l-80 79.981c-6.249 6.248-6.249 16.379 0 22.627l80 79.989C302.689 517.308 320 510.3 320 495.989V448h95.88c75.274 0 121.335-82.997 81.408-146.88z\"><\/path><\/svg>\t\t\t<\/div>\n\t\t<\/div>\n\t\t\t\t\t\t<\/div>\n\t\t\t\t<\/div>\n\t\t\t\t<div class=\"elementor-element elementor-element-98511af elementor-widget elementor-widget-text-editor\" data-id=\"98511af\" data-element_type=\"widget\" data-e-type=\"widget\" data-widget_type=\"text-editor.default\">\n\t\t\t\t<div class=\"elementor-widget-container\">\n\t\t\t\t\t\t\t\t\t<p>Creemos que un futuro sostenible tambi\u00e9n se construye apoyando a quienes lo impulsan desde lo local.<\/p>\t\t\t\t\t\t\t\t<\/div>\n\t\t\t\t<\/div>\n\t\t\t\t<\/div>\n\t\t\t\t<\/div>\n\t\t<div class=\"elementor-element elementor-element-5ff3153 e-flex e-con-boxed e-con e-parent\" data-id=\"5ff3153\" data-element_type=\"container\" data-e-type=\"container\">\n\t\t\t\t\t<div class=\"e-con-inner\">\n\t\t\t\t<div class=\"elementor-element elementor-element-d8f42ed elementor-align-center elementor-widget__width-inherit elementor-fixed animated-slow elementor-invisible elementor-widget elementor-widget-button\" data-id=\"d8f42ed\" data-element_type=\"widget\" data-e-type=\"widget\" data-settings=\"{&quot;_position&quot;:&quot;fixed&quot;,&quot;_animation&quot;:&quot;fadeInUp&quot;,&quot;_animation_delay&quot;:2500,&quot;_animation_mobile&quot;:&quot;none&quot;}\" data-widget_type=\"button.default\">\n\t\t\t\t<div class=\"elementor-widget-container\">\n\t\t\t\t\t\t\t\t\t<div class=\"elementor-button-wrapper\">\n\t\t\t\t\t<a class=\"elementor-button elementor-button-link elementor-size-sm elementor-animation-grow\" href=\"https:\/\/terramarte.com.co\/wp-content\/uploads\/2026\/01\/TERRAMARTE-CATALOGO-2026.pdf\" target=\"_blank\">\n\t\t\t\t\t\t<span class=\"elementor-button-content-wrapper\">\n\t\t\t\t\t\t<span class=\"elementor-button-icon\">\n\t\t\t\t<svg aria-hidden=\"true\" class=\"e-font-icon-svg e-far-arrow-alt-circle-down\" viewBox=\"0 0 512 512\" xmlns=\"http:\/\/www.w3.org\/2000\/svg\"><path d=\"M256 8C119 8 8 119 8 256s111 248 248 248 248-111 248-248S393 8 256 8zm0 448c-110.5 0-200-89.5-200-200S145.5 56 256 56s200 89.5 200 200-89.5 200-200 200zm-32-316v116h-67c-10.7 0-16 12.9-8.5 20.5l99 99c4.7 4.7 12.3 4.7 17 0l99-99c7.6-7.6 2.2-20.5-8.5-20.5h-67V140c0-6.6-5.4-12-12-12h-40c-6.6 0-12 5.4-12 12z\"><\/path><\/svg>\t\t\t<\/span>\n\t\t\t\t\t\t\t\t\t<span class=\"elementor-button-text\">Ver cat\u00e1logo<\/span>\n\t\t\t\t\t<\/span>\n\t\t\t\t\t<\/a>\n\t\t\t\t<\/div>\n\t\t\t\t\t\t\t\t<\/div>\n\t\t\t\t<\/div>\n\t\t\t\t\t<\/div>\n\t\t\t\t<\/div>\n\t\t\t\t<\/div>\n\t\t","protected":false},"excerpt":{"rendered":"<p>Conoce Nuestros Productos Fabricamos con conciencia Nuestro compromiso va m\u00e1s all\u00e1 del simple discurso ecol\u00f3gico; trabajamos arduamente para ofrecer soluciones reales que cambien positivamente nuestros h\u00e1bitos, minimicen el impacto en el planeta y respeten el equilibrio natural con todos los seres vivos. En Terramarte, creemos firmemente en la importancia de cuidar nuestro planeta y trabajar [&hellip;]<\/p>\n","protected":false},"author":1,"featured_media":0,"parent":0,"menu_order":0,"comment_status":"closed","ping_status":"closed","template":"","meta":{"_joinchat":[],"footnotes":""},"class_list":["post-1945","page","type-page","status-publish","hentry"],"_links":{"self":[{"href":"https:\/\/terramarte.com.co\/en\/wp-json\/wp\/v2\/pages\/1945","targetHints":{"allow":["GET"]}}],"collection":[{"href":"https:\/\/terramarte.com.co\/en\/wp-json\/wp\/v2\/pages"}],"about":[{"href":"https:\/\/terramarte.com.co\/en\/wp-json\/wp\/v2\/types\/page"}],"author":[{"embeddable":true,"href":"https:\/\/terramarte.com.co\/en\/wp-json\/wp\/v2\/users\/1"}],"replies":[{"embeddable":true,"href":"https:\/\/terramarte.com.co\/en\/wp-json\/wp\/v2\/comments?post=1945"}],"version-history":[{"count":104,"href":"https:\/\/terramarte.com.co\/en\/wp-json\/wp\/v2\/pages\/1945\/revisions"}],"predecessor-version":[{"id":4535,"href":"https:\/\/terramarte.com.co\/en\/wp-json\/wp\/v2\/pages\/1945\/revisions\/4535"}],"wp:attachment":[{"href":"https:\/\/terramarte.com.co\/en\/wp-json\/wp\/v2\/media?parent=1945"}],"curies":[{"name":"wp","href":"https:\/\/api.w.org\/{rel}","templated":true}]}}